{"id":109,"date":"2025-11-19T05:26:38","date_gmt":"2025-11-19T05:26:38","guid":{"rendered":"https:\/\/novosite.aralco.com.br\/?page_id=109"},"modified":"2026-02-09T04:46:15","modified_gmt":"2026-02-09T07:46:15","slug":"noticias-da-aralco","status":"publish","type":"page","link":"https:\/\/novosite.aralco.com.br\/?page_id=109","title":{"rendered":"Not\u00edcias da Aralco"},"content":{"rendered":"\t\t<div data-elementor-type=\"wp-page\" data-elementor-id=\"109\" class=\"elementor elementor-109\">\n\t\t\t\t<div class=\"elementor-element elementor-element-bf0c3a3 e-flex e-con-boxed wpr-particle-no wpr-jarallax-no wpr-parallax-no wpr-sticky-section-no e-con e-parent\" data-id=\"bf0c3a3\" data-element_type=\"container\" data-settings=\"{&quot;background_background&quot;:&quot;classic&quot;}\">\n\t\t\t\t\t<div class=\"e-con-inner\">\n\t\t\t\t<div class=\"elementor-element elementor-element-dbc79ba elementor-widget elementor-widget-heading\" data-id=\"dbc79ba\" data-element_type=\"widget\" data-widget_type=\"heading.default\">\n\t\t\t\t<div class=\"elementor-widget-container\">\n\t\t\t\t\t<h2 class=\"elementor-heading-title elementor-size-default\">Not\u00edcias da Aralco<\/h2>\t\t\t\t<\/div>\n\t\t\t\t<\/div>\n\t\t\t\t\t<\/div>\n\t\t\t\t<\/div>\n\t\t<div class=\"elementor-element elementor-element-ee23710 e-flex e-con-boxed wpr-particle-no wpr-jarallax-no wpr-parallax-no wpr-sticky-section-no e-con e-parent\" data-id=\"ee23710\" data-element_type=\"container\">\n\t\t\t\t\t<div class=\"e-con-inner\">\n\t\t<div class=\"elementor-element elementor-element-ad80ab7 e-flex e-con-boxed wpr-particle-no wpr-jarallax-no wpr-parallax-no wpr-sticky-section-no elementor-invisible e-con e-child\" data-id=\"ad80ab7\" data-element_type=\"container\" data-settings=\"{&quot;animation&quot;:&quot;slideInRight&quot;}\">\n\t\t\t\t\t<div class=\"e-con-inner\">\n\t\t\t\t<div class=\"elementor-element elementor-element-22aafea elementor-widget elementor-widget-text-editor\" data-id=\"22aafea\" data-element_type=\"widget\" data-widget_type=\"text-editor.default\">\n\t\t\t\t<div class=\"elementor-widget-container\">\n\t\t\t\t\t\t\t\t\t<p>Fique por dentro das novidades e iniciativas do Grupo Aralco. Aqui voc\u00ea encontra not\u00edcias sobre <strong>projetos, programas, eventos e conquistas<\/strong> da empresa, atualizadas regularmente para manter nossos p\u00fablicos informados.<\/p>\t\t\t\t\t\t\t\t<\/div>\n\t\t\t\t<\/div>\n\t\t\t\t\t<\/div>\n\t\t\t\t<\/div>\n\t\t\t\t\t<\/div>\n\t\t\t\t<\/div>\n\t\t\t\t<section class=\"elementor-section elementor-top-section elementor-element elementor-element-5ecb4152 elementor-section-full_width elementor-section-stretched elementor-section-height-default elementor-section-height-default wpr-particle-no wpr-jarallax-no wpr-parallax-no wpr-sticky-section-no\" data-id=\"5ecb4152\" data-element_type=\"section\" data-settings=\"{&quot;stretch_section&quot;:&quot;section-stretched&quot;,&quot;shape_divider_top&quot;:&quot;zigzag&quot;}\">\n\t\t\t\t\t<div class=\"elementor-shape elementor-shape-top\" aria-hidden=\"true\" data-negative=\"false\">\n\t\t\t<svg xmlns=\"http:\/\/www.w3.org\/2000\/svg\" viewBox=\"0 0 1800 5.8\" preserveAspectRatio=\"none\">\n  <path class=\"elementor-shape-fill\" d=\"M5.4.4l5.4 5.3L16.5.4l5.4 5.3L27.5.4 33 5.7 38.6.4l5.5 5.4h.1L49.9.4l5.4 5.3L60.9.4l5.5 5.3L72 .4l5.5 5.3L83.1.4l5.4 5.3L94.1.4l5.5 5.4h.2l5.6-5.4 5.5 5.3 5.6-5.3 5.4 5.3 5.6-5.3 5.5 5.3 5.6-5.3 5.5 5.4h.2l5.6-5.4 5.4 5.3L161 .4l5.4 5.3L172 .4l5.5 5.3 5.6-5.3 5.4 5.3 5.7-5.3 5.4 5.4h.2l5.6-5.4 5.5 5.3 5.6-5.3 5.5 5.3 5.6-5.3 5.4 5.3 5.6-5.3 5.5 5.4h.2l5.6-5.4 5.5 5.3L261 .4l5.4 5.3L272 .4l5.5 5.3 5.6-5.3 5.5 5.3 5.6-5.3 5.5 5.4h.1l5.7-5.4 5.4 5.3 5.6-5.3 5.5 5.3 5.6-5.3 5.4 5.3 5.7-5.3 5.4 5.4h.2l5.6-5.4 5.5 5.3L361 .4l5.5 5.3 5.6-5.3 5.4 5.3 5.6-5.3 5.5 5.3 5.6-5.3 5.5 5.4h.1l5.7-5.4 5.4 5.3 5.6-5.3 5.5 5.3 5.6-5.3 5.5 5.3 5.6-5.3 5.5 5.4h.1l5.6-5.4 5.5 5.3L461 .4l5.5 5.3 5.6-5.3 5.4 5.3 5.7-5.3 5.4 5.3 5.6-5.3 5.5 5.4h.2l5.6-5.4 5.5 5.3 5.6-5.3 5.4 5.3 5.6-5.3 5.5 5.3 5.6-5.3 5.5 5.4h.1L550 .4l5.4 5.3L561 .4l5.5 5.3 5.6-5.3 5.5 5.3 5.6-5.3 5.4 5.3 5.6-5.3 5.5 5.4h.2l5.6-5.4 5.5 5.3 5.6-5.3 5.4 5.3 5.7-5.3 5.4 5.3 5.6-5.3 5.5 5.4h.2L650 .4l5.5 5.3 5.6-5.3 5.4 5.3 5.6-5.3 5.5 5.3 5.6-5.3 5.5 5.3 5.6-5.3 5.4 5.4h.2l5.6-5.4 5.5 5.3 5.6-5.3 5.5 5.3 5.6-5.3 5.4 5.3 5.6-5.3 5.5 5.4h.2L750 .4l5.5 5.3 5.6-5.3 5.4 5.3 5.7-5.3 5.4 5.3 5.6-5.3 5.5 5.3 5.6-5.3 5.5 5.4h.1l5.7-5.4 5.4 5.3 5.6-5.3 5.5 5.3 5.6-5.3 5.5 5.3 5.6-5.3 5.4 5.4h.2L850 .4l5.5 5.3 5.6-5.3 5.5 5.3 5.6-5.3 5.4 5.3 5.6-5.3 5.5 5.3 5.6-5.3 5.5 5.4h.2l5.6-5.4 5.4 5.3 5.7-5.3 5.4 5.3 5.6-5.3 5.5 5.3 5.6-5.3 5.5 5.4h.1l5.7-5.4 5.4 5.3 5.6-5.3 5.5 5.3 5.6-5.3 5.5 5.3 5.6-5.3 5.4 5.3 5.6-5.3 5.5 5.4h.2l5.6-5.4 5.5 5.3 5.6-5.3 5.4 5.3 5.6-5.3 5.5 5.3 5.6-5.3 5.5 5.4h.2l5.6-5.4 5.4 5.3 5.7-5.3 5.4 5.3 5.6-5.3 5.5 5.3 5.6-5.3 5.5 5.3 5.6-5.3 5.4 5.4h.2l5.6-5.4 5.5 5.3 5.6-5.3 5.5 5.3 5.6-5.3 5.4 5.3 5.6-5.3 5.5 5.4h.2l5.6-5.4 5.5 5.3 5.6-5.3 5.4 5.3 5.6-5.3 5.5 5.3 5.6-5.3 5.5 5.3 5.6-5.3 5.5 5.4h.1l5.7-5.4 5.4 5.3 5.6-5.3 5.5 5.3 5.6-5.3 5.5 5.3 5.6-5.3 5.4 5.4h.2l5.6-5.4 5.5 5.3 5.6-5.3 5.5 5.3 5.6-5.3 5.4 5.3 5.6-5.3 5.5 5.3 5.6-5.3 5.5 5.4h.2l5.6-5.4 5.4 5.3 5.6-5.3 5.5 5.3 5.6-5.3 5.5 5.3 5.6-5.3 5.5 5.4h.1l5.7-5.4 5.4 5.3 5.6-5.3 5.5 5.3 5.6-5.3 5.5 5.3 5.6-5.3 5.4 5.3 5.6-5.3 5.5 5.4h.2l5.6-5.4 5.5 5.3 5.6-5.3 5.4 5.3 5.6-5.3 5.5 5.3 5.6-5.3 5.5 5.4h.2l5.6-5.4 5.4 5.3 5.6-5.3 5.5 5.3 5.6-5.3 5.5 5.3 5.6-5.3 5.4 5.3 5.7-5.3 5.4 5.4h.2l5.6-5.4 5.5 5.3 5.6-5.3 5.5 5.3 5.6-5.3 5.4 5.3 5.6-5.3 5.5 5.4h.2l5.6-5.4 5.5 5.3 5.6-5.3 5.4 5.3 5.6-5.3 5.5 5.3 5.6-5.3 5.5 5.3 5.6-5.3 5.5 5.4h.1l5.6-5.4 5.5 5.3 5.6-5.3 5.5 5.3 5.6-5.3 5.4 5.3 5.7-5.3 5.4 5.4h.2l5.6-5.4 5.5 5.3 5.6-5.3 5.5 5.3 5.6-5.3 5.4 5.3 5.6-5.3 5.5 5.3 5.6-5.3 5.5 5.4h.1l5.7-5.4 5.4 5.3 5.6-5.3 5.5 5.3 5.6-5.3 5.5 5.3 5.6-5.3 5.5 5.4h.1l5.6-5.4 5.5 5.3 5.6-5.3 5.5 5.3 5.6-5.3 5.4 5.3 5.7-5.3 5.4 5.3 5.6-5.3 5.5 5.4V0H-.2v5.8z\"\/>\n<\/svg>\n\t\t<\/div>\n\t\t\t\t\t<div class=\"elementor-container elementor-column-gap-wide\">\n\t\t\t\t\t<div class=\"elementor-column elementor-col-100 elementor-top-column elementor-element elementor-element-14696ffe\" data-id=\"14696ffe\" data-element_type=\"column\">\n\t\t\t<div class=\"elementor-widget-wrap elementor-element-populated\">\n\t\t\t\t\t\t<div class=\"elementor-element elementor-element-363d2530 elementor-widget elementor-widget-heading\" data-id=\"363d2530\" data-element_type=\"widget\" data-widget_type=\"heading.default\">\n\t\t\t\t<div class=\"elementor-widget-container\">\n\t\t\t\t\t<h2 class=\"elementor-heading-title elementor-size-default\">Confira as \u00faltimas not\u00edcias do Grupo Aralco<\/h2>\t\t\t\t<\/div>\n\t\t\t\t<\/div>\n\t\t\t\t<div class=\"elementor-element elementor-element-6a63c2a9 wpr-grid-columns-3 wpr-grid-columns--tablet1 wpr-grid-columns--mobile1 wpr-grid-pagination-center wpr-item-styles-inner elementor-invisible elementor-widget elementor-widget-wpr-grid\" data-id=\"6a63c2a9\" data-element_type=\"widget\" data-settings=\"{&quot;_animation&quot;:&quot;fadeIn&quot;}\" data-widget_type=\"wpr-grid.default\">\n\t\t\t\t<div class=\"elementor-widget-container\">\n\t\t\t\t\t<ul class=\"wpr-grid-filters elementor-clearfix wpr-grid-filters-sep-right\"><ul data-parent=\".category-noticias\" class=\"wpr-sub-filters\"><li data-role=\"back\" class=\" wpr-pointer-none wpr-pointer-line-fx wpr-pointer-fx-none\"><span class=\"wpr-back-filter\"  data-ajax-filter=[\"category\",\"noticias\"]  data-filter=\".category-noticias\"><i class=\"fas fa-long-arrow-alt-left\"><\/i>&nbsp;&nbsp;Back<\/span><\/li><li data-role=\"sub\" class=\" wpr-pointer-none wpr-pointer-line-fx wpr-pointer-fx-none\"><span   data-ajax-filter=[\"category\",\"aralco-na-imprensa\"]  data-filter=\".category-aralco-na-imprensa\">Aralco na Imprensa<\/span><em class=\"wpr-grid-filters-sep\"><\/em><\/li><li data-role=\"sub\" class=\" wpr-pointer-none wpr-pointer-line-fx wpr-pointer-fx-none\"><span   data-ajax-filter=[\"category\",\"noticias-grupo-aralco\"]  data-filter=\".category-noticias-grupo-aralco\">Not\u00edcias do Grupo Aralco<\/span><em class=\"wpr-grid-filters-sep\"><\/em><\/li><\/ul><\/ul><section class=\"wpr-grid elementor-clearfix\" data-settings=\"{&quot;layout&quot;:&quot;fitRows&quot;,&quot;stick_last_element_to_bottom&quot;:&quot;yes&quot;,&quot;columns_desktop&quot;:&quot;3&quot;,&quot;gutter_hr&quot;:56,&quot;gutter_hr_mobile&quot;:56,&quot;gutter_hr_mobile_extra&quot;:56,&quot;gutter_hr_tablet&quot;:56,&quot;gutter_hr_tablet_extra&quot;:56,&quot;gutter_hr_laptop&quot;:56,&quot;gutter_hr_widescreen&quot;:56,&quot;gutter_vr&quot;:99,&quot;gutter_vr_mobile&quot;:99,&quot;gutter_vr_mobile_extra&quot;:99,&quot;gutter_vr_tablet&quot;:99,&quot;gutter_vr_tablet_extra&quot;:99,&quot;gutter_vr_laptop&quot;:99,&quot;gutter_vr_widescreen&quot;:99,&quot;animation&quot;:&quot;zoom&quot;,&quot;animation_duration&quot;:0.3,&quot;animation_delay&quot;:0.1,&quot;deeplinking&quot;:&quot;&quot;,&quot;filters_linkable&quot;:&quot;no&quot;,&quot;filters_default_filter&quot;:&quot;&quot;,&quot;filters_count&quot;:&quot;&quot;,&quot;filters_hide_empty&quot;:&quot;yes&quot;,&quot;filters_animation&quot;:&quot;default&quot;,&quot;filters_animation_duration&quot;:0.3,&quot;filters_animation_delay&quot;:0.1,&quot;pagination_type&quot;:&quot;load-more&quot;,&quot;pagination_max_pages&quot;:7,&quot;lightbox&quot;:{&quot;selector&quot;:&quot;.wpr-grid-image-wrap&quot;,&quot;iframeMaxWidth&quot;:&quot;60%&quot;,&quot;hash&quot;:false,&quot;autoplay&quot;:&quot;true&quot;,&quot;pause&quot;:5000,&quot;progressBar&quot;:&quot;true&quot;,&quot;counter&quot;:&quot;true&quot;,&quot;controls&quot;:&quot;true&quot;,&quot;getCaptionFromTitleOrAlt&quot;:&quot;true&quot;,&quot;thumbnail&quot;:&quot;&quot;,&quot;showThumbByDefault&quot;:&quot;&quot;,&quot;share&quot;:&quot;&quot;,&quot;zoom&quot;:&quot;true&quot;,&quot;fullScreen&quot;:&quot;true&quot;,&quot;download&quot;:&quot;true&quot;}}\" data-advanced-filters=\"no\"><article class=\"wpr-grid-item elementor-clearfix post-2716 post type-post status-publish format-standard has-post-thumbnail hentry category-noticias-grupo-aralco\"><div class=\"wpr-grid-item-inner\"><div class=\"wpr-grid-media-wrap wpr-effect-size-medium \" data-overlay-link=\"yes\"><div class=\"wpr-grid-image-wrap\" data-src=\"https:\/\/novosite.aralco.com.br\/wp-content\/uploads\/2026\/01\/5c158b76676c9b30c49b2483687570b42-768x768.png\" data-img-on-hover=\"\"  data-src-secondary=\"\"><img decoding=\"async\" data-no-lazy=\"1\" src=\"https:\/\/novosite.aralco.com.br\/wp-content\/uploads\/2026\/01\/5c158b76676c9b30c49b2483687570b42-768x768.png\" alt=\"Gigantes da Colheita: Frente 91 se destaca na terceira semana da a\u00e7\u00e3o.\" class=\"wpr-anim-timing-ease-default\"><\/div><div class=\"wpr-grid-media-hover wpr-animation-wrap\"><div class=\"wpr-grid-media-hover-bg  wpr-overlay-fade-in wpr-anim-size-large wpr-anim-timing-ease-default wpr-anim-transparency\" data-url=\"https:\/\/novosite.aralco.com.br\/?p=2716\"><\/div><\/div><\/div><div class=\"wpr-grid-item-below-content elementor-clearfix\"><h3 class=\"wpr-grid-item-title elementor-repeater-item-2d29edf wpr-grid-item-display-block wpr-grid-item-align-left wpr-pointer-none wpr-pointer-line-fx wpr-pointer-fx-fade\"><div class=\"inner-block\"><a target=\"_self\"  href=\"https:\/\/novosite.aralco.com.br\/?p=2716\">Gigantes da Colheita: Frente 91 se destaca na terceira semana da a\u00e7\u00e3o.<\/a><\/div><\/h3><div class=\"wpr-grid-item-excerpt elementor-repeater-item-0025724 wpr-grid-item-display-block wpr-grid-item-align-left\"><div class=\"inner-block\"><p>Gigantes da Colheita: Frente 91 se destaca na terceira semana da a\u00e7\u00e3o. 26\/10\/2025 A terceira semana do programa Gigantes da Colheita celebrou o empenho e a dedica\u00e7\u00e3o das equipes agr\u00edcolas...<\/p><\/div><\/div><div class=\"wpr-grid-item-read-more elementor-repeater-item-716d6c5 wpr-grid-item-display-custom wpr-grid-item-align-center\"><div class=\"inner-block\"><a target=\"_self\" href=\"https:\/\/novosite.aralco.com.br\/?p=2716\" class=\"wpr-button-effect wpr-button-none\"><span class=\"wpr-grid-extra-icon-left\"><\/span><span>Leia Mais<\/span><\/a><\/div><\/div><\/div><\/div><\/article><article class=\"wpr-grid-item elementor-clearfix post-2698 post type-post status-publish format-standard has-post-thumbnail hentry category-noticias-grupo-aralco\"><div class=\"wpr-grid-item-inner\"><div class=\"wpr-grid-media-wrap wpr-effect-size-medium \" data-overlay-link=\"yes\"><div class=\"wpr-grid-image-wrap\" data-src=\"https:\/\/novosite.aralco.com.br\/wp-content\/uploads\/2026\/01\/322471333f75f17b6f9674f1e20754361-768x768.png\" data-img-on-hover=\"\"  data-src-secondary=\"\"><img decoding=\"async\" data-no-lazy=\"1\" src=\"https:\/\/novosite.aralco.com.br\/wp-content\/uploads\/2026\/01\/322471333f75f17b6f9674f1e20754361-768x768.png\" alt=\"Gigantes da Colheita: Grupo Aralco reconhece profissionais pela produtividade no campo.\" class=\"wpr-anim-timing-ease-default\"><\/div><div class=\"wpr-grid-media-hover wpr-animation-wrap\"><div class=\"wpr-grid-media-hover-bg  wpr-overlay-fade-in wpr-anim-size-large wpr-anim-timing-ease-default wpr-anim-transparency\" data-url=\"https:\/\/novosite.aralco.com.br\/?p=2698\"><\/div><\/div><\/div><div class=\"wpr-grid-item-below-content elementor-clearfix\"><h3 class=\"wpr-grid-item-title elementor-repeater-item-2d29edf wpr-grid-item-display-block wpr-grid-item-align-left wpr-pointer-none wpr-pointer-line-fx wpr-pointer-fx-fade\"><div class=\"inner-block\"><a target=\"_self\"  href=\"https:\/\/novosite.aralco.com.br\/?p=2698\">Gigantes da Colheita: Grupo Aralco reconhece profissionais pela produtividade no campo.<\/a><\/div><\/h3><div class=\"wpr-grid-item-excerpt elementor-repeater-item-0025724 wpr-grid-item-display-block wpr-grid-item-align-left\"><div class=\"inner-block\"><p>Gigantes da Colheita: Grupo Aralco reconhece profissionais pela produtividade no campo. 12\/10\/2025 O Grupo Aralco valoriza o empenho e a dedica\u00e7\u00e3o de suas equipes agr\u00edcolas, destacando semanalmente os profissionais que...<\/p><\/div><\/div><div class=\"wpr-grid-item-read-more elementor-repeater-item-716d6c5 wpr-grid-item-display-custom wpr-grid-item-align-center\"><div class=\"inner-block\"><a target=\"_self\" href=\"https:\/\/novosite.aralco.com.br\/?p=2698\" class=\"wpr-button-effect wpr-button-none\"><span class=\"wpr-grid-extra-icon-left\"><\/span><span>Leia Mais<\/span><\/a><\/div><\/div><\/div><\/div><\/article><article class=\"wpr-grid-item elementor-clearfix post-2687 post type-post status-publish format-standard has-post-thumbnail hentry category-noticias-grupo-aralco\"><div class=\"wpr-grid-item-inner\"><div class=\"wpr-grid-media-wrap wpr-effect-size-medium \" data-overlay-link=\"yes\"><div class=\"wpr-grid-image-wrap\" data-src=\"https:\/\/novosite.aralco.com.br\/wp-content\/uploads\/2026\/01\/c059ce1084c130754d714d6ce2735c7e0-768x768.jpeg\" data-img-on-hover=\"\"  data-src-secondary=\"\"><img decoding=\"async\" data-no-lazy=\"1\" src=\"https:\/\/novosite.aralco.com.br\/wp-content\/uploads\/2026\/01\/c059ce1084c130754d714d6ce2735c7e0-768x768.jpeg\" alt=\"MARATONA 5S: COLABORADORES DO GRUPO ARALCO REALIZAM DOA\u00c7\u00c3O AO CENTRO DE TRATAMENTO ONCOL\u00d3GICO DE ARA\u00c7ATUBA-SP.\" class=\"wpr-anim-timing-ease-default\"><\/div><div class=\"wpr-grid-media-hover wpr-animation-wrap\"><div class=\"wpr-grid-media-hover-bg  wpr-overlay-fade-in wpr-anim-size-large wpr-anim-timing-ease-default wpr-anim-transparency\" data-url=\"https:\/\/novosite.aralco.com.br\/?p=2687\"><\/div><\/div><\/div><div class=\"wpr-grid-item-below-content elementor-clearfix\"><h3 class=\"wpr-grid-item-title elementor-repeater-item-2d29edf wpr-grid-item-display-block wpr-grid-item-align-left wpr-pointer-none wpr-pointer-line-fx wpr-pointer-fx-fade\"><div class=\"inner-block\"><a target=\"_self\"  href=\"https:\/\/novosite.aralco.com.br\/?p=2687\">MARATONA 5S: COLABORADORES DO GRUPO ARALCO REALIZAM DOA\u00c7\u00c3O AO CENTRO DE TRATAMENTO ONCOL\u00d3GICO DE ARA\u00c7ATUBA-SP.<\/a><\/div><\/h3><div class=\"wpr-grid-item-excerpt elementor-repeater-item-0025724 wpr-grid-item-display-block wpr-grid-item-align-left\"><div class=\"inner-block\"><p>MARATONA 5S: COLABORADORES DO GRUPO ARALCO REALIZAM DOA\u00c7\u00c3O AO CENTRO DE TRATAMENTO ONCOL\u00d3GICO DE ARA\u00c7ATUBA-SP. 10\/11\/2025 Em um gesto de solidariedade e empatia, colaboradores do Grupo Aralco realizaram a doa\u00e7\u00e3o...<\/p><\/div><\/div><div class=\"wpr-grid-item-read-more elementor-repeater-item-716d6c5 wpr-grid-item-display-custom wpr-grid-item-align-center\"><div class=\"inner-block\"><a target=\"_self\" href=\"https:\/\/novosite.aralco.com.br\/?p=2687\" class=\"wpr-button-effect wpr-button-none\"><span class=\"wpr-grid-extra-icon-left\"><\/span><span>Leia Mais<\/span><\/a><\/div><\/div><\/div><\/div><\/article><\/section><div class=\"wpr-grid-pagination elementor-clearfix wpr-grid-pagination-load-more\" data-pages=\"7\"><a href=\"https:\/\/novosite.aralco.com.br\/index.php?rest_route=%2Fwp%2Fv2%2Fpages%2F109&#038;paged=2\" class=\"wpr-load-more-btn\" data-e-disable-page-transition >Mais not\u00edcias sobre n\u00f3s<\/a><div class=\"wpr-pagination-loading\"><div class=\"wpr-double-bounce\"><div class=\"wpr-child wpr-double-bounce1\"><\/div><div class=\"wpr-child wpr-double-bounce2\"><\/div><\/div><\/div><p class=\"wpr-pagination-finish\">Fim de not\u00edcias<\/p><\/div>\t\t\t\t<\/div>\n\t\t\t\t<\/div>\n\t\t\t\t\t<\/div>\n\t\t<\/div>\n\t\t\t\t\t<\/div>\n\t\t<\/section>\n\t\t\t\t<\/div>\n\t\t\n    <div class=\"xs_social_share_widget xs_share_url after_content \t\tmain_content  wslu-style-1 wslu-share-box-shaped wslu-fill-colored wslu-none wslu-share-horizontal wslu-theme-font-no wslu-main_content\">\n\n\t\t\n        <ul>\n\t\t\t        <\/ul>\n    <\/div> \n","protected":false},"excerpt":{"rendered":"<p>Not\u00edcias da Aralco Fique por dentro das novidades e iniciativas do Grupo Aralco. Aqui voc\u00ea encontra not\u00edcias sobre projetos, programas, eventos e conquistas da empresa, atualizadas regularmente para manter nossos p\u00fablicos informados. Confira as \u00faltimas not\u00edcias do Grupo Aralco &nbsp;&nbsp;Back Aralco na Imprensa Not\u00edcias do Grupo Aralco Gigantes da Colheita: Frente 91 se destaca na terceira semana da a\u00e7\u00e3o. Gigantes da Colheita: Frente 91 se destaca na terceira semana da a\u00e7\u00e3o. 26\/10\/2025 A terceira semana do programa Gigantes da Colheita celebrou o empenho e a dedica\u00e7\u00e3o das equipes agr\u00edcolas&#8230; Leia Mais Gigantes da Colheita: Grupo Aralco reconhece profissionais pela produtividade no campo. Gigantes da Colheita: Grupo Aralco reconhece profissionais pela produtividade no campo. 12\/10\/2025 O Grupo Aralco valoriza o empenho e a dedica\u00e7\u00e3o de suas equipes agr\u00edcolas, destacando semanalmente os profissionais que&#8230; Leia Mais MARATONA 5S: COLABORADORES DO GRUPO ARALCO REALIZAM DOA\u00c7\u00c3O AO CENTRO DE TRATAMENTO ONCOL\u00d3GICO DE ARA\u00c7ATUBA-SP. MARATONA 5S: COLABORADORES DO GRUPO ARALCO REALIZAM DOA\u00c7\u00c3O AO CENTRO DE TRATAMENTO ONCOL\u00d3GICO DE ARA\u00c7ATUBA-SP. 10\/11\/2025 Em um gesto de solidariedade e empatia, colaboradores do Grupo Aralco realizaram a doa\u00e7\u00e3o&#8230; Leia Mais Mais not\u00edcias sobre n\u00f3s Fim de not\u00edcias<\/p>\n","protected":false},"author":1,"featured_media":0,"parent":0,"menu_order":0,"comment_status":"closed","ping_status":"closed","template":"elementor_header_footer","meta":{"postBodyCss":"","postBodyMargin":[],"postBodyPadding":[],"postBodyBackground":{"backgroundType":"classic","gradient":""},"site-sidebar-layout":"no-sidebar","site-content-layout":"","ast-site-content-layout":"full-width-container","site-content-style":"default","site-sidebar-style":"default","ast-global-header-display":"","ast-banner-title-visibility":"","ast-main-header-display":"","ast-hfb-above-header-display":"","ast-hfb-below-header-display":"","ast-hfb-mobile-header-display":"","site-post-title":"disabled","ast-breadcrumbs-content":"","ast-featured-img":"disabled","footer-sml-layout":"","theme-transparent-header-meta":"","adv-header-id-meta":"","stick-header-meta":"","header-above-stick-meta":"","header-main-stick-meta":"","header-below-stick-meta":"","astra-migrate-meta-layouts":"default","ast-page-background-enabled":"default","ast-page-background-meta":{"desktop":{"background-color":"var(--ast-global-color-5)","background-image":"","background-repeat":"repeat","background-position":"center center","background-size":"auto","background-attachment":"scroll","background-type":"","background-media":"","overlay-type":"","overlay-color":"","overlay-opacity":"","overlay-gradient":""},"tablet":{"background-color":"","background-image":"","background-repeat":"repeat","background-position":"center center","background-size":"auto","background-attachment":"scroll","background-type":"","background-media":"","overlay-type":"","overlay-color":"","overlay-opacity":"","overlay-gradient":""},"mobile":{"background-color":"","background-image":"","background-repeat":"repeat","background-position":"center center","background-size":"auto","background-attachment":"scroll","background-type":"","background-media":"","overlay-type":"","overlay-color":"","overlay-opacity":"","overlay-gradient":""}},"ast-content-background-meta":{"desktop":{"background-color":"var(--ast-global-color-4)","background-image":"","background-repeat":"repeat","background-position":"center center","background-size":"auto","background-attachment":"scroll","background-type":"","background-media":"","overlay-type":"","overlay-color":"","overlay-opacity":"","overlay-gradient":""},"tablet":{"background-color":"var(--ast-global-color-4)","background-image":"","background-repeat":"repeat","background-position":"center center","background-size":"auto","background-attachment":"scroll","background-type":"","background-media":"","overlay-type":"","overlay-color":"","overlay-opacity":"","overlay-gradient":""},"mobile":{"background-color":"var(--ast-global-color-4)","background-image":"","background-repeat":"repeat","background-position":"center center","background-size":"auto","background-attachment":"scroll","background-type":"","background-media":"","overlay-type":"","overlay-color":"","overlay-opacity":"","overlay-gradient":""}},"footnotes":""},"class_list":["post-109","page","type-page","status-publish","hentry"],"_links":{"self":[{"href":"https:\/\/novosite.aralco.com.br\/index.php?rest_route=\/wp\/v2\/pages\/109","targetHints":{"allow":["GET"]}}],"collection":[{"href":"https:\/\/novosite.aralco.com.br\/index.php?rest_route=\/wp\/v2\/pages"}],"about":[{"href":"https:\/\/novosite.aralco.com.br\/index.php?rest_route=\/wp\/v2\/types\/page"}],"author":[{"embeddable":true,"href":"https:\/\/novosite.aralco.com.br\/index.php?rest_route=\/wp\/v2\/users\/1"}],"replies":[{"embeddable":true,"href":"https:\/\/novosite.aralco.com.br\/index.php?rest_route=%2Fwp%2Fv2%2Fcomments&post=109"}],"version-history":[{"count":31,"href":"https:\/\/novosite.aralco.com.br\/index.php?rest_route=\/wp\/v2\/pages\/109\/revisions"}],"predecessor-version":[{"id":4499,"href":"https:\/\/novosite.aralco.com.br\/index.php?rest_route=\/wp\/v2\/pages\/109\/revisions\/4499"}],"wp:attachment":[{"href":"https:\/\/novosite.aralco.com.br\/index.php?rest_route=%2Fwp%2Fv2%2Fmedia&parent=109"}],"curies":[{"name":"wp","href":"https:\/\/api.w.org\/{rel}","templated":true}]}}