{"id":1654,"date":"2025-12-06T12:15:29","date_gmt":"2025-12-06T15:15:29","guid":{"rendered":"https:\/\/novosite.aralco.com.br\/?page_id=1654"},"modified":"2026-02-09T04:46:08","modified_gmt":"2026-02-09T07:46:08","slug":"nossos-fornecedores","status":"publish","type":"page","link":"https:\/\/novosite.aralco.com.br\/?page_id=1654","title":{"rendered":"Nossos Fornecedores"},"content":{"rendered":"\t\t<div data-elementor-type=\"wp-page\" data-elementor-id=\"1654\" class=\"elementor elementor-1654\">\n\t\t\t\t<div class=\"elementor-element elementor-element-58020ec60 e-flex e-con-boxed wpr-particle-no wpr-jarallax-no wpr-parallax-no wpr-sticky-section-no e-con e-parent\" data-id=\"58020ec60\" data-element_type=\"container\" data-settings=\"{&quot;background_background&quot;:&quot;classic&quot;}\">\n\t\t\t\t\t<div class=\"e-con-inner\">\n\t\t\t\t<div class=\"elementor-element elementor-element-2782d9fd elementor-widget elementor-widget-heading\" data-id=\"2782d9fd\" data-element_type=\"widget\" data-widget_type=\"heading.default\">\n\t\t\t\t<div class=\"elementor-widget-container\">\n\t\t\t\t\t<h2 class=\"elementor-heading-title elementor-size-default\">Fa\u00e7a parte do ecossistema Aralco<\/h2>\t\t\t\t<\/div>\n\t\t\t\t<\/div>\n\t\t\t\t\t<\/div>\n\t\t\t\t<\/div>\n\t\t<div class=\"elementor-element elementor-element-55d7495d e-flex e-con-boxed wpr-particle-no wpr-jarallax-no wpr-parallax-no wpr-sticky-section-no e-con e-parent\" data-id=\"55d7495d\" data-element_type=\"container\">\n\t\t\t\t\t<div class=\"e-con-inner\">\n\t\t<div class=\"elementor-element elementor-element-12e8fc8b e-flex e-con-boxed wpr-particle-no wpr-jarallax-no wpr-parallax-no wpr-sticky-section-no elementor-invisible e-con e-child\" data-id=\"12e8fc8b\" data-element_type=\"container\" data-settings=\"{&quot;animation&quot;:&quot;slideInLeft&quot;}\">\n\t\t\t\t\t<div class=\"e-con-inner\">\n\t\t\t\t<div class=\"elementor-element elementor-element-3da628fa elementor-widget elementor-widget-image\" data-id=\"3da628fa\" data-element_type=\"widget\" data-widget_type=\"image.default\">\n\t\t\t\t<div class=\"elementor-widget-container\">\n\t\t\t\t\t\t\t\t\t\t\t\t\t\t\t<img fetchpriority=\"high\" decoding=\"async\" width=\"733\" height=\"735\" src=\"https:\/\/novosite.aralco.com.br\/wp-content\/uploads\/2026\/01\/fornecedores-2.png\" class=\"attachment-large size-large wp-image-3156\" alt=\"\" srcset=\"https:\/\/novosite.aralco.com.br\/wp-content\/uploads\/2026\/01\/fornecedores-2.png 733w, https:\/\/novosite.aralco.com.br\/wp-content\/uploads\/2026\/01\/fornecedores-2-300x300.png 300w, https:\/\/novosite.aralco.com.br\/wp-content\/uploads\/2026\/01\/fornecedores-2-150x150.png 150w\" sizes=\"(max-width: 733px) 100vw, 733px\" \/>\t\t\t\t\t\t\t\t\t\t\t\t\t\t\t<\/div>\n\t\t\t\t<\/div>\n\t\t\t\t\t<\/div>\n\t\t\t\t<\/div>\n\t\t<div class=\"elementor-element elementor-element-459b7b58 e-flex e-con-boxed wpr-particle-no wpr-jarallax-no wpr-parallax-no wpr-sticky-section-no elementor-invisible e-con e-child\" data-id=\"459b7b58\" data-element_type=\"container\" data-settings=\"{&quot;animation&quot;:&quot;slideInRight&quot;}\">\n\t\t\t\t\t<div class=\"e-con-inner\">\n\t\t\t\t<div class=\"elementor-element elementor-element-3bcc87a9 elementor-widget elementor-widget-heading\" data-id=\"3bcc87a9\" data-element_type=\"widget\" data-widget_type=\"heading.default\">\n\t\t\t\t<div class=\"elementor-widget-container\">\n\t\t\t\t\t<h2 class=\"elementor-heading-title elementor-size-default\">Nossos Fornecedores<\/h2>\t\t\t\t<\/div>\n\t\t\t\t<\/div>\n\t\t\t\t<div class=\"elementor-element elementor-element-18f2bcdd elementor-widget elementor-widget-text-editor\" data-id=\"18f2bcdd\" data-element_type=\"widget\" data-widget_type=\"text-editor.default\">\n\t\t\t\t<div class=\"elementor-widget-container\">\n\t\t\t\t\t\t\t\t\t<p>Acreditamos que grandes resultados nascem de parcerias s\u00f3lidas.<\/p><p>Nosso relacionamento com os produtores de cana-de-a\u00e7\u00facar \u00e9 um dos pilares que sustentam o desenvolvimento da companhia e de toda a cadeia produtiva ao nosso redor.<\/p><p>Mais do que fornecedores, vemos nossos parceiros como aliados na constru\u00e7\u00e3o de um futuro mais sustent\u00e1vel, seguro e produtivo.<br \/>Juntos, compartilhamos o compromisso com a qualidade da mat\u00e9ria-prima, o respeito ao meio ambiente e a valoriza\u00e7\u00e3o das pessoas que fazem parte desse processo.<\/p><p>Com base em um planejamento estrat\u00e9gico e em uma gest\u00e3o pautada pela confian\u00e7a e transpar\u00eancia, a Aralco busca fortalecer la\u00e7os de longo prazo, estimulando pr\u00e1ticas respons\u00e1veis e o crescimento m\u00fatuo.<\/p><p>Para fortalecer ainda mais essa parceria, a Aralco criou o <strong>Programa Cultiva+<\/strong>, uma iniciativa exclusiva voltada ao desenvolvimento dos fornecedores de cana, com foco em <strong>inova\u00e7\u00e3o, produtividade e sustentabilidade no campo<\/strong>.<\/p>\t\t\t\t\t\t\t\t<\/div>\n\t\t\t\t<\/div>\n\t\t\t\t\t<\/div>\n\t\t\t\t<\/div>\n\t\t\t\t\t<\/div>\n\t\t\t\t<\/div>\n\t\t\t\t<\/div>\n\t\t\n    <div class=\"xs_social_share_widget xs_share_url after_content \t\tmain_content  wslu-style-1 wslu-share-box-shaped wslu-fill-colored wslu-none wslu-share-horizontal wslu-theme-font-no wslu-main_content\">\n\n\t\t\n        <ul>\n\t\t\t        <\/ul>\n    <\/div> \n","protected":false},"excerpt":{"rendered":"<p>Fa\u00e7a parte do ecossistema Aralco Nossos Fornecedores Acreditamos que grandes resultados nascem de parcerias s\u00f3lidas. Nosso relacionamento com os produtores de cana-de-a\u00e7\u00facar \u00e9 um dos pilares que sustentam o desenvolvimento da companhia e de toda a cadeia produtiva ao nosso redor. Mais do que fornecedores, vemos nossos parceiros como aliados na constru\u00e7\u00e3o de um futuro mais sustent\u00e1vel, seguro e produtivo.Juntos, compartilhamos o compromisso com a qualidade da mat\u00e9ria-prima, o respeito ao meio ambiente e a valoriza\u00e7\u00e3o das pessoas que fazem parte desse processo. Com base em um planejamento estrat\u00e9gico e em uma gest\u00e3o pautada pela confian\u00e7a e transpar\u00eancia, a Aralco busca fortalecer la\u00e7os de longo prazo, estimulando pr\u00e1ticas respons\u00e1veis e o crescimento m\u00fatuo. Para fortalecer ainda mais essa parceria, a Aralco criou o Programa Cultiva+, uma iniciativa exclusiva voltada ao desenvolvimento dos fornecedores de cana, com foco em inova\u00e7\u00e3o, produtividade e sustentabilidade no campo.<\/p>\n","protected":false},"author":1,"featured_media":0,"parent":0,"menu_order":0,"comment_status":"closed","ping_status":"closed","template":"elementor_header_footer","meta":{"postBodyCss":"","postBodyMargin":[],"postBodyPadding":[],"postBodyBackground":{"backgroundType":"classic","gradient":""},"site-sidebar-layout":"no-sidebar","site-content-layout":"","ast-site-content-layout":"full-width-container","site-content-style":"default","site-sidebar-style":"default","ast-global-header-display":"","ast-banner-title-visibility":"","ast-main-header-display":"","ast-hfb-above-header-display":"","ast-hfb-below-header-display":"","ast-hfb-mobile-header-display":"","site-post-title":"disabled","ast-breadcrumbs-content":"","ast-featured-img":"disabled","footer-sml-layout":"","theme-transparent-header-meta":"","adv-header-id-meta":"","stick-header-meta":"","header-above-stick-meta":"","header-main-stick-meta":"","header-below-stick-meta":"","astra-migrate-meta-layouts":"default","ast-page-background-enabled":"default","ast-page-background-meta":{"desktop":{"background-color":"var(--ast-global-color-5)","background-image":"","background-repeat":"repeat","background-position":"center center","background-size":"auto","background-attachment":"scroll","background-type":"","background-media":"","overlay-type":"","overlay-color":"","overlay-opacity":"","overlay-gradient":""},"tablet":{"background-color":"","background-image":"","background-repeat":"repeat","background-position":"center center","background-size":"auto","background-attachment":"scroll","background-type":"","background-media":"","overlay-type":"","overlay-color":"","overlay-opacity":"","overlay-gradient":""},"mobile":{"background-color":"","background-image":"","background-repeat":"repeat","background-position":"center center","background-size":"auto","background-attachment":"scroll","background-type":"","background-media":"","overlay-type":"","overlay-color":"","overlay-opacity":"","overlay-gradient":""}},"ast-content-background-meta":{"desktop":{"background-color":"var(--ast-global-color-4)","background-image":"","background-repeat":"repeat","background-position":"center center","background-size":"auto","background-attachment":"scroll","background-type":"","background-media":"","overlay-type":"","overlay-color":"","overlay-opacity":"","overlay-gradient":""},"tablet":{"background-color":"var(--ast-global-color-4)","background-image":"","background-repeat":"repeat","background-position":"center center","background-size":"auto","background-attachment":"scroll","background-type":"","background-media":"","overlay-type":"","overlay-color":"","overlay-opacity":"","overlay-gradient":""},"mobile":{"background-color":"var(--ast-global-color-4)","background-image":"","background-repeat":"repeat","background-position":"center center","background-size":"auto","background-attachment":"scroll","background-type":"","background-media":"","overlay-type":"","overlay-color":"","overlay-opacity":"","overlay-gradient":""}},"footnotes":""},"class_list":["post-1654","page","type-page","status-publish","hentry"],"_links":{"self":[{"href":"https:\/\/novosite.aralco.com.br\/index.php?rest_route=\/wp\/v2\/pages\/1654","targetHints":{"allow":["GET"]}}],"collection":[{"href":"https:\/\/novosite.aralco.com.br\/index.php?rest_route=\/wp\/v2\/pages"}],"about":[{"href":"https:\/\/novosite.aralco.com.br\/index.php?rest_route=\/wp\/v2\/types\/page"}],"author":[{"embeddable":true,"href":"https:\/\/novosite.aralco.com.br\/index.php?rest_route=\/wp\/v2\/users\/1"}],"replies":[{"embeddable":true,"href":"https:\/\/novosite.aralco.com.br\/index.php?rest_route=%2Fwp%2Fv2%2Fcomments&post=1654"}],"version-history":[{"count":31,"href":"https:\/\/novosite.aralco.com.br\/index.php?rest_route=\/wp\/v2\/pages\/1654\/revisions"}],"predecessor-version":[{"id":4496,"href":"https:\/\/novosite.aralco.com.br\/index.php?rest_route=\/wp\/v2\/pages\/1654\/revisions\/4496"}],"wp:attachment":[{"href":"https:\/\/novosite.aralco.com.br\/index.php?rest_route=%2Fwp%2Fv2%2Fmedia&parent=1654"}],"curies":[{"name":"wp","href":"https:\/\/api.w.org\/{rel}","templated":true}]}}