{"id":33,"date":"2025-11-19T05:21:08","date_gmt":"2025-11-19T05:21:08","guid":{"rendered":"https:\/\/novosite.aralco.com.br\/?page_id=33"},"modified":"2026-02-09T04:45:57","modified_gmt":"2026-02-09T07:45:57","slug":"nossa-historia","status":"publish","type":"page","link":"https:\/\/novosite.aralco.com.br\/?page_id=33","title":{"rendered":"Nossa Hist\u00f3ria"},"content":{"rendered":"\t\t<div data-elementor-type=\"wp-page\" data-elementor-id=\"33\" class=\"elementor elementor-33\">\n\t\t\t\t<div class=\"elementor-element elementor-element-69256a270 e-flex e-con-boxed wpr-particle-no wpr-jarallax-no wpr-parallax-no wpr-sticky-section-no e-con e-parent\" data-id=\"69256a270\" data-element_type=\"container\" data-settings=\"{&quot;background_background&quot;:&quot;classic&quot;}\">\n\t\t\t\t\t<div class=\"e-con-inner\">\n\t\t\t\t<div class=\"elementor-element elementor-element-2dc0b24c elementor-widget elementor-widget-heading\" data-id=\"2dc0b24c\" data-element_type=\"widget\" data-widget_type=\"heading.default\">\n\t\t\t\t<div class=\"elementor-widget-container\">\n\t\t\t\t\t<h2 class=\"elementor-heading-title elementor-size-default\">Quase 50 anos movendo desenvolvimento e futuro<\/h2>\t\t\t\t<\/div>\n\t\t\t\t<\/div>\n\t\t\t\t\t<\/div>\n\t\t\t\t<\/div>\n\t\t<div class=\"elementor-element elementor-element-8348f01 e-flex e-con-boxed wpr-particle-no wpr-jarallax-no wpr-parallax-no wpr-sticky-section-no e-con e-parent\" data-id=\"8348f01\" data-element_type=\"container\">\n\t\t\t\t\t<div class=\"e-con-inner\">\n\t\t<div class=\"elementor-element elementor-element-0a82e87 e-con-full e-flex wpr-particle-no wpr-jarallax-no wpr-parallax-no wpr-sticky-section-no e-con e-child\" data-id=\"0a82e87\" data-element_type=\"container\">\n\t\t\t\t<div class=\"elementor-element elementor-element-1fb4ec1 elementor-widget elementor-widget-image\" data-id=\"1fb4ec1\" data-element_type=\"widget\" data-widget_type=\"image.default\">\n\t\t\t\t<div class=\"elementor-widget-container\">\n\t\t\t\t\t\t\t\t\t\t\t\t\t\t\t<img decoding=\"async\" src=\"https:\/\/novosite.aralco.com.br\/wp-content\/uploads\/2025\/11\/08_caminhao.png\" title=\"08_caminhao\" alt=\"08_caminhao\" loading=\"lazy\" \/>\t\t\t\t\t\t\t\t\t\t\t\t\t\t\t<\/div>\n\t\t\t\t<\/div>\n\t\t\t\t<\/div>\n\t\t<div class=\"elementor-element elementor-element-d9f9fca e-con-full e-flex wpr-particle-no wpr-jarallax-no wpr-parallax-no wpr-sticky-section-no e-con e-child\" data-id=\"d9f9fca\" data-element_type=\"container\">\n\t\t<div class=\"elementor-element elementor-element-9ac7b69 e-con-full e-flex wpr-particle-no wpr-jarallax-no wpr-parallax-no wpr-sticky-section-no e-con e-child\" data-id=\"9ac7b69\" data-element_type=\"container\">\n\t\t\t\t<div class=\"elementor-element elementor-element-1937991 elementor-widget elementor-widget-heading\" data-id=\"1937991\" data-element_type=\"widget\" data-widget_type=\"heading.default\">\n\t\t\t\t<div class=\"elementor-widget-container\">\n\t\t\t\t\t<h1 class=\"elementor-heading-title elementor-size-default\">Nosso Legado<\/h1>\t\t\t\t<\/div>\n\t\t\t\t<\/div>\n\t\t\t\t<\/div>\n\t\t\t\t<div class=\"elementor-element elementor-element-3a6dfce elementor-widget elementor-widget-text-editor\" data-id=\"3a6dfce\" data-element_type=\"widget\" data-widget_type=\"text-editor.default\">\n\t\t\t\t<div class=\"elementor-widget-container\">\n\t\t\t\t\t\t\t\t\t<p>Aliando a generosidade da natureza com talento e tecnologia, preparamos a terra, plantamos, colhemos e transportamos a cana para produzir etanol e a\u00e7\u00facar com agilidade e efici\u00eancia em todas as etapas do processo produtivo. Todo esse trabalho segue rigorosos padr\u00f5es de qualidade, com o objetivo de superar as expectativas dos clientes, gerar valor aos acionistas e contribuir para o desenvolvimento sustent\u00e1vel e o bem-estar das pessoas. Na Aralco, somos mais do que um neg\u00f3cio agr\u00edcola-industrial: transformamos desafios em oportunidades e geramos valor para nossos stakeholders. Ao longo de nossa trajet\u00f3ria, constru\u00edmos uma <strong>cultura s\u00f3lida baseada em valores, comprometimento com pessoas e comunidades e rela\u00e7\u00f5es fortes com fornecedores e parceiros<\/strong>, que nos permite entregar <strong>resultados consistentes e de excel\u00eancia<\/strong>.<\/p>\t\t\t\t\t\t\t\t<\/div>\n\t\t\t\t<\/div>\n\t\t\t\t<\/div>\n\t\t\t\t\t<\/div>\n\t\t\t\t<\/div>\n\t\t<div class=\"elementor-element elementor-element-0420741 e-con-full e-flex wpr-particle-no wpr-jarallax-no wpr-parallax-no wpr-sticky-section-no e-con e-parent\" data-id=\"0420741\" data-element_type=\"container\">\n\t\t\t\t<div class=\"elementor-element elementor-element-2404fac elementor-widget elementor-widget-text-editor\" data-id=\"2404fac\" data-element_type=\"widget\" data-widget_type=\"text-editor.default\">\n\t\t\t\t<div class=\"elementor-widget-container\">\n\t\t\t\t\t\t\t\t\t<p>Temos como premissa\u00a0<strong>executar ativamente o Plano Quinquenal<\/strong>, compromissados com a\u00a0<strong>efici\u00eancia e efic\u00e1cia<\/strong>, disseminando na organiza\u00e7\u00e3o a import\u00e2ncia de\u00a0<strong>trazer o passivo para n\u00edveis sustent\u00e1veis<\/strong>, por meio da alian\u00e7a entre\u00a0<strong>excel\u00eancia da produ\u00e7\u00e3o<\/strong>\u00a0e\u00a0<strong>cumprimento de indicadores econ\u00f4micos e financeiros<\/strong>. Esse modelo funciona como\u00a0<strong>uma alavanca de evolu\u00e7\u00e3o e motiva\u00e7\u00e3o<\/strong>, permitindo que perseveremos no objetivo de sermos\u00a0<strong>uma empresa cada vez mais produtiva, sustent\u00e1vel e que contribui com o desenvolvimento social e econ\u00f4mico nos munic\u00edpios em que atuamos<\/strong>.<\/p><p>Nossa for\u00e7a est\u00e1 em\u00a0<strong>unir tradi\u00e7\u00e3o e tecnologia<\/strong>, garantindo\u00a0<strong>qualidade, produtividade e excel\u00eancia operacional<\/strong>\u00a0em todas as etapas da cadeia de produ\u00e7\u00e3o. Com vis\u00e3o estrat\u00e9gica, seguimos\u00a0<strong>liderando o mercado e antecipando tend\u00eancias<\/strong>, consolidando uma Aralco\u00a0<strong>cada vez mais inovadora, sustent\u00e1vel e essencial para nossos clientes, profissionais e comunidades.<\/strong><\/p>\t\t\t\t\t\t\t\t<\/div>\n\t\t\t\t<\/div>\n\t\t\t\t<\/div>\n\t\t<div class=\"elementor-element elementor-element-4c32c1a e-flex e-con-boxed wpr-particle-no wpr-jarallax-no wpr-parallax-no wpr-sticky-section-no e-con e-parent\" data-id=\"4c32c1a\" data-element_type=\"container\">\n\t\t\t\t\t<div class=\"e-con-inner\">\n\t\t\t\t<div class=\"elementor-element elementor-element-4e5cc94 elementor-widget elementor-widget-heading\" data-id=\"4e5cc94\" data-element_type=\"widget\" data-widget_type=\"heading.default\">\n\t\t\t\t<div class=\"elementor-widget-container\">\n\t\t\t\t\t<h2 class=\"elementor-heading-title elementor-size-default\">CONSTRUINDO nossa Hist\u00f3ria<\/h2>\t\t\t\t<\/div>\n\t\t\t\t<\/div>\n\t\t\t\t\t<\/div>\n\t\t\t\t<\/div>\n\t\t<div class=\"elementor-element elementor-element-2f629b4 e-con-full e-flex wpr-particle-no wpr-jarallax-no wpr-parallax-no wpr-sticky-section-no e-con e-parent\" data-id=\"2f629b4\" data-element_type=\"container\">\n\t\t\t\t<div class=\"elementor-element elementor-element-533be83 elementor-widget elementor-widget-image\" data-id=\"533be83\" data-element_type=\"widget\" data-widget_type=\"image.default\">\n\t\t\t\t<div class=\"elementor-widget-container\">\n\t\t\t\t\t\t\t\t\t\t\t\t\t\t\t<img fetchpriority=\"high\" decoding=\"async\" width=\"1024\" height=\"639\" src=\"https:\/\/novosite.aralco.com.br\/wp-content\/uploads\/2025\/11\/10_timeline-1024x639.png\" class=\"attachment-large size-large wp-image-805\" alt=\"\" srcset=\"https:\/\/novosite.aralco.com.br\/wp-content\/uploads\/2025\/11\/10_timeline-1024x639.png 1024w, https:\/\/novosite.aralco.com.br\/wp-content\/uploads\/2025\/11\/10_timeline-300x187.png 300w, https:\/\/novosite.aralco.com.br\/wp-content\/uploads\/2025\/11\/10_timeline-768x479.png 768w, https:\/\/novosite.aralco.com.br\/wp-content\/uploads\/2025\/11\/10_timeline-1536x959.png 1536w, https:\/\/novosite.aralco.com.br\/wp-content\/uploads\/2025\/11\/10_timeline-2048x1279.png 2048w\" sizes=\"(max-width: 1024px) 100vw, 1024px\" \/>\t\t\t\t\t\t\t\t\t\t\t\t\t\t\t<\/div>\n\t\t\t\t<\/div>\n\t\t\t\t<\/div>\n\t\t<div class=\"elementor-element elementor-element-af9e8e3 e-con-full e-flex wpr-particle-no wpr-jarallax-no wpr-parallax-no wpr-sticky-section-no e-con e-parent\" data-id=\"af9e8e3\" data-element_type=\"container\" data-settings=\"{&quot;background_background&quot;:&quot;classic&quot;}\">\n\t\t<div class=\"elementor-element elementor-element-f3815f1 e-con-full e-flex wpr-particle-no wpr-jarallax-no wpr-parallax-no wpr-sticky-section-no e-con e-child\" data-id=\"f3815f1\" data-element_type=\"container\">\n\t\t<div class=\"elementor-element elementor-element-7beadeb e-con-full e-flex wpr-particle-no wpr-jarallax-no wpr-parallax-no wpr-sticky-section-no e-con e-child\" data-id=\"7beadeb\" data-element_type=\"container\">\n\t\t\t\t<div class=\"elementor-element elementor-element-2b8713c elementor-widget elementor-widget-heading\" data-id=\"2b8713c\" data-element_type=\"widget\" data-widget_type=\"heading.default\">\n\t\t\t\t<div class=\"elementor-widget-container\">\n\t\t\t\t\t<h2 class=\"elementor-heading-title elementor-size-default\">Nossa Marca, Nossa Hist\u00f3ria em Evolu\u00e7\u00e3o<\/h2>\t\t\t\t<\/div>\n\t\t\t\t<\/div>\n\t\t\t\t<\/div>\n\t\t<div class=\"elementor-element elementor-element-981b802 e-con-full e-flex wpr-particle-no wpr-jarallax-no wpr-parallax-no wpr-sticky-section-no e-con e-child\" data-id=\"981b802\" data-element_type=\"container\">\n\t\t\t\t<div class=\"elementor-element elementor-element-00c76d3 elementor-widget elementor-widget-text-editor\" data-id=\"00c76d3\" data-element_type=\"widget\" data-widget_type=\"text-editor.default\">\n\t\t\t\t<div class=\"elementor-widget-container\">\n\t\t\t\t\t\t\t\t\t<p>Em 2022, a Aralco passou por um importante processo de <strong>rebranding<\/strong>, marcando uma nova fase da sua trajet\u00f3ria. A marca foi <strong>redesenhada<\/strong>, preservando a <strong>tradi\u00e7\u00e3o, a solidez e a for\u00e7a<\/strong> que sempre caracterizaram a empresa, mas ganhando uma <strong>express\u00e3o mais moderna, atemporal e conectada ao futuro<\/strong>.<\/p><p>Essa evolu\u00e7\u00e3o representa o equil\u00edbrio entre o <strong>legado constru\u00eddo ao longo de d\u00e9cadas<\/strong> e a <strong>vis\u00e3o de uma Aralco preparada para os pr\u00f3ximos desafios<\/strong>, sustentada pela inova\u00e7\u00e3o, responsabilidade e compromisso com o desenvolvimento do pa\u00eds.<\/p><p>A nova identidade traduz, em cada cor e forma, os <strong>valores que impulsionam o Grupo Aralco<\/strong>: o entusiasmo e a dedica\u00e7\u00e3o de seus profissionais, a confian\u00e7a dos acionistas e a energia que move a companhia rumo ao futuro.<\/p>\t\t\t\t\t\t\t\t<\/div>\n\t\t\t\t<\/div>\n\t\t\t\t<\/div>\n\t\t\t\t<\/div>\n\t\t<div class=\"elementor-element elementor-element-d5b356d e-con-full elementor-hidden-mobile e-flex wpr-particle-no wpr-jarallax-no wpr-parallax-no wpr-sticky-section-no e-con e-child\" data-id=\"d5b356d\" data-element_type=\"container\">\n\t\t\t\t<div class=\"elementor-element elementor-element-4c5dc4e elementor-widget elementor-widget-image\" data-id=\"4c5dc4e\" data-element_type=\"widget\" data-widget_type=\"image.default\">\n\t\t\t\t<div class=\"elementor-widget-container\">\n\t\t\t\t\t\t\t\t\t\t\t\t\t\t\t<img decoding=\"async\" width=\"1024\" height=\"768\" src=\"https:\/\/novosite.aralco.com.br\/wp-content\/uploads\/2025\/11\/09_nova-marca-1024x768.png\" class=\"attachment-large size-large wp-image-772\" alt=\"\" srcset=\"https:\/\/novosite.aralco.com.br\/wp-content\/uploads\/2025\/11\/09_nova-marca-1024x768.png 1024w, https:\/\/novosite.aralco.com.br\/wp-content\/uploads\/2025\/11\/09_nova-marca-300x225.png 300w, https:\/\/novosite.aralco.com.br\/wp-content\/uploads\/2025\/11\/09_nova-marca-768x576.png 768w, https:\/\/novosite.aralco.com.br\/wp-content\/uploads\/2025\/11\/09_nova-marca-1536x1152.png 1536w, https:\/\/novosite.aralco.com.br\/wp-content\/uploads\/2025\/11\/09_nova-marca.png 1758w\" sizes=\"(max-width: 1024px) 100vw, 1024px\" \/>\t\t\t\t\t\t\t\t\t\t\t\t\t\t\t<\/div>\n\t\t\t\t<\/div>\n\t\t\t\t<\/div>\n\t\t\t\t<\/div>\n\t\t\t\t<\/div>\n\t\t\n    <div class=\"xs_social_share_widget xs_share_url after_content \t\tmain_content  wslu-style-1 wslu-share-box-shaped wslu-fill-colored wslu-none wslu-share-horizontal wslu-theme-font-no wslu-main_content\">\n\n\t\t\n        <ul>\n\t\t\t        <\/ul>\n    <\/div> \n","protected":false},"excerpt":{"rendered":"<p>Quase 50 anos movendo desenvolvimento e futuro Nosso Legado Aliando a generosidade da natureza com talento e tecnologia, preparamos a terra, plantamos, colhemos e transportamos a cana para produzir etanol e a\u00e7\u00facar com agilidade e efici\u00eancia em todas as etapas do processo produtivo. Todo esse trabalho segue rigorosos padr\u00f5es de qualidade, com o objetivo de superar as expectativas dos clientes, gerar valor aos acionistas e contribuir para o desenvolvimento sustent\u00e1vel e o bem-estar das pessoas. Na Aralco, somos mais do que um neg\u00f3cio agr\u00edcola-industrial: transformamos desafios em oportunidades e geramos valor para nossos stakeholders. Ao longo de nossa trajet\u00f3ria, constru\u00edmos uma cultura s\u00f3lida baseada em valores, comprometimento com pessoas e comunidades e rela\u00e7\u00f5es fortes com fornecedores e parceiros, que nos permite entregar resultados consistentes e de excel\u00eancia. Temos como premissa\u00a0executar ativamente o Plano Quinquenal, compromissados com a\u00a0efici\u00eancia e efic\u00e1cia, disseminando na organiza\u00e7\u00e3o a import\u00e2ncia de\u00a0trazer o passivo para n\u00edveis sustent\u00e1veis, por meio da alian\u00e7a entre\u00a0excel\u00eancia da produ\u00e7\u00e3o\u00a0e\u00a0cumprimento de indicadores econ\u00f4micos e financeiros. Esse modelo funciona como\u00a0uma alavanca de evolu\u00e7\u00e3o e motiva\u00e7\u00e3o, permitindo que perseveremos no objetivo de sermos\u00a0uma empresa cada vez mais produtiva, sustent\u00e1vel e que contribui com o desenvolvimento social e econ\u00f4mico nos munic\u00edpios em que atuamos. Nossa for\u00e7a est\u00e1 em\u00a0unir tradi\u00e7\u00e3o e tecnologia, garantindo\u00a0qualidade, produtividade e excel\u00eancia operacional\u00a0em todas as etapas da cadeia de produ\u00e7\u00e3o. Com vis\u00e3o estrat\u00e9gica, seguimos\u00a0liderando o mercado e antecipando tend\u00eancias, consolidando uma Aralco\u00a0cada vez mais inovadora, sustent\u00e1vel e essencial para nossos clientes, profissionais e comunidades. CONSTRUINDO nossa Hist\u00f3ria Nossa Marca, Nossa Hist\u00f3ria em Evolu\u00e7\u00e3o Em 2022, a Aralco passou por um importante processo de rebranding, marcando uma nova fase da sua trajet\u00f3ria. A marca foi redesenhada, preservando a tradi\u00e7\u00e3o, a solidez e a for\u00e7a que sempre caracterizaram a empresa, mas ganhando uma express\u00e3o mais moderna, atemporal e conectada ao futuro. Essa evolu\u00e7\u00e3o representa o equil\u00edbrio entre o legado constru\u00eddo ao longo de d\u00e9cadas e a vis\u00e3o de uma Aralco preparada para os pr\u00f3ximos desafios, sustentada pela inova\u00e7\u00e3o, responsabilidade e compromisso com o desenvolvimento do pa\u00eds. A nova identidade traduz, em cada cor e forma, os valores que impulsionam o Grupo Aralco: o entusiasmo e a dedica\u00e7\u00e3o de seus profissionais, a confian\u00e7a dos acionistas e a energia que move a companhia rumo ao futuro.<\/p>\n","protected":false},"author":1,"featured_media":0,"parent":0,"menu_order":0,"comment_status":"closed","ping_status":"closed","template":"elementor_header_footer","meta":{"postBodyCss":"","postBodyMargin":[],"postBodyPadding":[],"postBodyBackground":{"backgroundType":"classic","gradient":""},"site-sidebar-layout":"no-sidebar","site-content-layout":"","ast-site-content-layout":"full-width-container","site-content-style":"default","site-sidebar-style":"default","ast-global-header-display":"","ast-banner-title-visibility":"","ast-main-header-display":"","ast-hfb-above-header-display":"","ast-hfb-below-header-display":"","ast-hfb-mobile-header-display":"","site-post-title":"disabled","ast-breadcrumbs-content":"","ast-featured-img":"disabled","footer-sml-layout":"","theme-transparent-header-meta":"","adv-header-id-meta":"","stick-header-meta":"","header-above-stick-meta":"","header-main-stick-meta":"","header-below-stick-meta":"","astra-migrate-meta-layouts":"default","ast-page-background-enabled":"default","ast-page-background-meta":{"desktop":{"background-color":"var(--ast-global-color-5)","background-image":"","background-repeat":"repeat","background-position":"center center","background-size":"auto","background-attachment":"scroll","background-type":"","background-media":"","overlay-type":"","overlay-color":"","overlay-opacity":"","overlay-gradient":""},"tablet":{"background-color":"","background-image":"","background-repeat":"repeat","background-position":"center center","background-size":"auto","background-attachment":"scroll","background-type":"","background-media":"","overlay-type":"","overlay-color":"","overlay-opacity":"","overlay-gradient":""},"mobile":{"background-color":"","background-image":"","background-repeat":"repeat","background-position":"center center","background-size":"auto","background-attachment":"scroll","background-type":"","background-media":"","overlay-type":"","overlay-color":"","overlay-opacity":"","overlay-gradient":""}},"ast-content-background-meta":{"desktop":{"background-color":"var(--ast-global-color-4)","background-image":"","background-repeat":"repeat","background-position":"center center","background-size":"auto","background-attachment":"scroll","background-type":"","background-media":"","overlay-type":"","overlay-color":"","overlay-opacity":"","overlay-gradient":""},"tablet":{"background-color":"var(--ast-global-color-4)","background-image":"","background-repeat":"repeat","background-position":"center center","background-size":"auto","background-attachment":"scroll","background-type":"","background-media":"","overlay-type":"","overlay-color":"","overlay-opacity":"","overlay-gradient":""},"mobile":{"background-color":"var(--ast-global-color-4)","background-image":"","background-repeat":"repeat","background-position":"center center","background-size":"auto","background-attachment":"scroll","background-type":"","background-media":"","overlay-type":"","overlay-color":"","overlay-opacity":"","overlay-gradient":""}},"footnotes":""},"class_list":["post-33","page","type-page","status-publish","hentry"],"_links":{"self":[{"href":"https:\/\/novosite.aralco.com.br\/index.php?rest_route=\/wp\/v2\/pages\/33","targetHints":{"allow":["GET"]}}],"collection":[{"href":"https:\/\/novosite.aralco.com.br\/index.php?rest_route=\/wp\/v2\/pages"}],"about":[{"href":"https:\/\/novosite.aralco.com.br\/index.php?rest_route=\/wp\/v2\/types\/page"}],"author":[{"embeddable":true,"href":"https:\/\/novosite.aralco.com.br\/index.php?rest_route=\/wp\/v2\/users\/1"}],"replies":[{"embeddable":true,"href":"https:\/\/novosite.aralco.com.br\/index.php?rest_route=%2Fwp%2Fv2%2Fcomments&post=33"}],"version-history":[{"count":124,"href":"https:\/\/novosite.aralco.com.br\/index.php?rest_route=\/wp\/v2\/pages\/33\/revisions"}],"predecessor-version":[{"id":4493,"href":"https:\/\/novosite.aralco.com.br\/index.php?rest_route=\/wp\/v2\/pages\/33\/revisions\/4493"}],"wp:attachment":[{"href":"https:\/\/novosite.aralco.com.br\/index.php?rest_route=%2Fwp%2Fv2%2Fmedia&parent=33"}],"curies":[{"name":"wp","href":"https:\/\/api.w.org\/{rel}","templated":true}]}}