{"id":40,"date":"2025-11-19T05:21:27","date_gmt":"2025-11-19T05:21:27","guid":{"rendered":"https:\/\/novosite.aralco.com.br\/?page_id=40"},"modified":"2026-02-09T05:12:08","modified_gmt":"2026-02-09T08:12:08","slug":"valores-governanca","status":"publish","type":"page","link":"https:\/\/novosite.aralco.com.br\/?page_id=40","title":{"rendered":"Valores &amp; Governan\u00e7a"},"content":{"rendered":"\t\t<div data-elementor-type=\"wp-page\" data-elementor-id=\"40\" class=\"elementor elementor-40\">\n\t\t\t\t<div class=\"elementor-element elementor-element-124cc7f91 e-flex e-con-boxed wpr-particle-no wpr-jarallax-no wpr-parallax-no wpr-sticky-section-no e-con e-parent\" data-id=\"124cc7f91\" data-element_type=\"container\" data-settings=\"{&quot;background_background&quot;:&quot;classic&quot;}\">\n\t\t\t\t\t<div class=\"e-con-inner\">\n\t\t\t\t<div class=\"elementor-element elementor-element-3fd6aed3 elementor-widget elementor-widget-heading\" data-id=\"3fd6aed3\" data-element_type=\"widget\" data-widget_type=\"heading.default\">\n\t\t\t\t<div class=\"elementor-widget-container\">\n\t\t\t\t\t<h2 class=\"elementor-heading-title elementor-size-default\">Nossos valores nos guiam<\/h2>\t\t\t\t<\/div>\n\t\t\t\t<\/div>\n\t\t\t\t\t<\/div>\n\t\t\t\t<\/div>\n\t\t\t\t<section class=\"elementor-section elementor-top-section elementor-element elementor-element-6d1070b30 elementor-section-boxed elementor-section-height-default elementor-section-height-default wpr-particle-no wpr-jarallax-no wpr-parallax-no wpr-sticky-section-no\" data-id=\"6d1070b30\" data-element_type=\"section\">\n\t\t\t\t\t\t<div class=\"elementor-container elementor-column-gap-wide\">\n\t\t\t\t\t<div class=\"elementor-column elementor-col-100 elementor-top-column elementor-element elementor-element-38b3e235\" data-id=\"38b3e235\" data-element_type=\"column\">\n\t\t\t<div class=\"elementor-widget-wrap elementor-element-populated\">\n\t\t\t\t\t\t<div class=\"elementor-element elementor-element-1e4f5125 elementor-widget elementor-widget-text-editor\" data-id=\"1e4f5125\" data-element_type=\"widget\" data-widget_type=\"text-editor.default\">\n\t\t\t\t<div class=\"elementor-widget-container\">\n\t\t\t\t\t\t\t\t\t<p>Acreditamos que transpar\u00eancia, integridade e compromisso social s\u00e3o a base de todas as nossas a\u00e7\u00f5es. Nossa miss\u00e3o orienta cada decis\u00e3o, nossos valores sustentam a forma como atuamos, e a \u00e9tica e a conduta profissional guiam rela\u00e7\u00f5es confi\u00e1veis e s\u00f3lidas com profissionais, fornecedores, parceiros e clientes.<\/p>\t\t\t\t\t\t\t\t<\/div>\n\t\t\t\t<\/div>\n\t\t\t\t\t<\/div>\n\t\t<\/div>\n\t\t\t\t\t<\/div>\n\t\t<\/section>\n\t\t<div class=\"elementor-element elementor-element-522b8d2d e-flex e-con-boxed wpr-particle-no wpr-jarallax-no wpr-parallax-no wpr-sticky-section-no e-con e-parent\" data-id=\"522b8d2d\" data-element_type=\"container\">\n\t\t\t\t\t<div class=\"e-con-inner\">\n\t\t\t\t<div class=\"elementor-element elementor-element-317bf78b animated-slow elementor-invisible elementor-widget elementor-widget-elementskit-heading\" data-id=\"317bf78b\" data-element_type=\"widget\" data-settings=\"{&quot;_animation&quot;:&quot;fadeInUp&quot;}\" data-widget_type=\"elementskit-heading.default\">\n\t\t\t\t<div class=\"elementor-widget-container\">\n\t\t\t\t\t<div class=\"ekit-wid-con\" ><div class=\"ekit-heading elementskit-section-title-wraper text_center   ekit_heading_tablet-   ekit_heading_mobile-\"><h2 class=\"ekit-heading--title elementskit-section-title \">Nossos valores, nosso DNA.<\/h2><div class=\"ekit_heading_separetor_wraper ekit_heading_ekit_border_custom\"><div class=\"ekit_border_custom\"><\/div><\/div><\/div><\/div>\t\t\t\t<\/div>\n\t\t\t\t<\/div>\n\t\t\t\t<div class=\"elementor-element elementor-element-14cff02e elementor-widget elementor-widget-elementskit-heading\" data-id=\"14cff02e\" data-element_type=\"widget\" data-widget_type=\"elementskit-heading.default\">\n\t\t\t\t<div class=\"elementor-widget-container\">\n\t\t\t\t\t<div class=\"ekit-wid-con\" ><div class=\"ekit-heading elementskit-section-title-wraper text_right   ekit_heading_tablet-   ekit_heading_mobile-\">\t\t\t\t<div class='ekit-heading__description'>\n\t\t\t\t\t<p>Este conjunto de princ\u00edpios garante que nossas opera\u00e7\u00f5es sejam <strong>eficientes, respons\u00e1veis e sustent\u00e1veis<\/strong>, refletindo nosso prop\u00f3sito de crescer de maneira consistente, gerar valor para todos os envolvidos e consolidar a Aralco como <strong>refer\u00eancia de excel\u00eancia e confiabilidade no mercado<\/strong>.<\/p>\n\t\t\t\t<\/div>\n\t\t\t<\/div><\/div>\t\t\t\t<\/div>\n\t\t\t\t<\/div>\n\t\t<div class=\"elementor-element elementor-element-30f484a6 animated-slow e-con-full e-grid wpr-particle-no wpr-jarallax-no wpr-parallax-no wpr-sticky-section-no elementor-invisible e-con e-child\" data-id=\"30f484a6\" data-element_type=\"container\" data-settings=\"{&quot;animation&quot;:&quot;fadeInUp&quot;}\">\n\t\t\t\t<div class=\"elementor-element elementor-element-2045ddbc ekit-equal-height-disable elementor-widget elementor-widget-elementskit-image-box\" data-id=\"2045ddbc\" data-element_type=\"widget\" data-widget_type=\"elementskit-image-box.default\">\n\t\t\t\t<div class=\"elementor-widget-container\">\n\t\t\t\t\t<div class=\"ekit-wid-con\" >\n            <div class=\"elementskit-info-image-box ekit-image-box text-center simple-card\" >\n\n                \n                <div class=\"elementskit-box-header image-box-img-center\">\n\n                    <img fetchpriority=\"high\" decoding=\"async\" width=\"1268\" height=\"1267\" src=\"https:\/\/novosite.aralco.com.br\/wp-content\/uploads\/2026\/01\/missao.png\" class=\"attachment-full size-full wp-image-3929\" alt=\"\" srcset=\"https:\/\/novosite.aralco.com.br\/wp-content\/uploads\/2026\/01\/missao.png 1268w, https:\/\/novosite.aralco.com.br\/wp-content\/uploads\/2026\/01\/missao-300x300.png 300w, https:\/\/novosite.aralco.com.br\/wp-content\/uploads\/2026\/01\/missao-1024x1024.png 1024w, https:\/\/novosite.aralco.com.br\/wp-content\/uploads\/2026\/01\/missao-150x150.png 150w, https:\/\/novosite.aralco.com.br\/wp-content\/uploads\/2026\/01\/missao-768x767.png 768w\" sizes=\"(max-width: 1268px) 100vw, 1268px\" \/>\n                <\/div>\n                \n                <div class=\"elementskit-box-body ekit-image-box-body\">\n                    <div class=\"elementskit-box-content ekit-image-box-body-inner\">\n                                                <h3 class=\"elementskit-info-box-title\">\n\n                        MISS\u00c3O\n                        \n                    <\/h3>\n                                                            <div class=\"elementskit-box-style-content\">\n                        Com muita paix\u00e3o, for\u00e7a e prepara\u00e7\u00e3o, estamos reconstruindo a marca Aralco e com nosso otimismo e fidelidade, faremos com que os nossos ativos operem em plena capacidade, perseguindo nossos indicadores com excel\u00eancia e supera\u00e7\u00e3o, para nos colocar entre os melhores do mercado.                    <\/div>\n                                    <\/div>\n\n                            <\/div>\n            <\/div>\n    <\/div>\t\t\t\t<\/div>\n\t\t\t\t<\/div>\n\t\t\t\t<div class=\"elementor-element elementor-element-27335dd ekit-equal-height-disable elementor-widget elementor-widget-elementskit-image-box\" data-id=\"27335dd\" data-element_type=\"widget\" data-widget_type=\"elementskit-image-box.default\">\n\t\t\t\t<div class=\"elementor-widget-container\">\n\t\t\t\t\t<div class=\"ekit-wid-con\" >\n            <div class=\"elementskit-info-image-box ekit-image-box text-center simple-card\" >\n\n                \n                <div class=\"elementskit-box-header image-box-img-center\">\n\n                    <img decoding=\"async\" width=\"1268\" height=\"1267\" src=\"https:\/\/novosite.aralco.com.br\/wp-content\/uploads\/2026\/01\/missao-visao.png\" class=\"attachment-full size-full wp-image-3928\" alt=\"\" srcset=\"https:\/\/novosite.aralco.com.br\/wp-content\/uploads\/2026\/01\/missao-visao.png 1268w, https:\/\/novosite.aralco.com.br\/wp-content\/uploads\/2026\/01\/missao-visao-300x300.png 300w, https:\/\/novosite.aralco.com.br\/wp-content\/uploads\/2026\/01\/missao-visao-1024x1024.png 1024w, https:\/\/novosite.aralco.com.br\/wp-content\/uploads\/2026\/01\/missao-visao-150x150.png 150w, https:\/\/novosite.aralco.com.br\/wp-content\/uploads\/2026\/01\/missao-visao-768x767.png 768w\" sizes=\"(max-width: 1268px) 100vw, 1268px\" \/>\n                <\/div>\n                \n                <div class=\"elementskit-box-body ekit-image-box-body\">\n                    <div class=\"elementskit-box-content ekit-image-box-body-inner\">\n                                                <h3 class=\"elementskit-info-box-title\">\n\n                        VIS\u00c3O\n                        \n                    <\/h3>\n                                                            <div class=\"elementskit-box-style-content\">\n                        Aliados aos nossos parceiros e fornecedores de cana, seguimos firmes para a realiza\u00e7\u00e3o do nosso plano quinquenal, contando com a prepara\u00e7\u00e3o da nossa equipe, que unida, comprometida e din\u00e2mica, buscar\u00e1 obter os melhores indicadores para gerar caixa, e assim aumentar o nosso portif\u00f3lio, resgatar a nossa produ\u00e7\u00e3o e produtividade, proporcionando uma melhor remunera\u00e7\u00e3o para todos. Acreditamos que os programas propostos \u00e0 Gest\u00e3o ser\u00e1 a base dessa realiza\u00e7\u00e3o.                    <\/div>\n                                    <\/div>\n\n                            <\/div>\n            <\/div>\n    <\/div>\t\t\t\t<\/div>\n\t\t\t\t<\/div>\n\t\t\t\t<div class=\"elementor-element elementor-element-651ce10a ekit-equal-height-disable elementor-widget elementor-widget-elementskit-image-box\" data-id=\"651ce10a\" data-element_type=\"widget\" data-widget_type=\"elementskit-image-box.default\">\n\t\t\t\t<div class=\"elementor-widget-container\">\n\t\t\t\t\t<div class=\"ekit-wid-con\" >\n            <div class=\"elementskit-info-image-box ekit-image-box text-center simple-card\" >\n\n                \n                <div class=\"elementskit-box-header image-box-img-center\">\n\n                    <img decoding=\"async\" width=\"1268\" height=\"1267\" src=\"https:\/\/novosite.aralco.com.br\/wp-content\/uploads\/2026\/01\/missao-visao-valores.png\" class=\"attachment-full size-full wp-image-3927\" alt=\"\" srcset=\"https:\/\/novosite.aralco.com.br\/wp-content\/uploads\/2026\/01\/missao-visao-valores.png 1268w, https:\/\/novosite.aralco.com.br\/wp-content\/uploads\/2026\/01\/missao-visao-valores-300x300.png 300w, https:\/\/novosite.aralco.com.br\/wp-content\/uploads\/2026\/01\/missao-visao-valores-1024x1024.png 1024w, https:\/\/novosite.aralco.com.br\/wp-content\/uploads\/2026\/01\/missao-visao-valores-150x150.png 150w, https:\/\/novosite.aralco.com.br\/wp-content\/uploads\/2026\/01\/missao-visao-valores-768x767.png 768w\" sizes=\"(max-width: 1268px) 100vw, 1268px\" \/>\n                <\/div>\n                \n                <div class=\"elementskit-box-body ekit-image-box-body\">\n                    <div class=\"elementskit-box-content ekit-image-box-body-inner\">\n                                                <h3 class=\"elementskit-info-box-title\">\n\n                        VALORES\n                        \n                    <\/h3>\n                                                            <div class=\"elementskit-box-style-content\">\n                        Apoiamos os programas comportamentais, estrat\u00e9gicos e preparativos. Respeitamos e monitoramos com firmeza a pol\u00edtica de dividendos, investimentos e de remunera\u00e7\u00e3o. Para isso nos alinhamos que tudo deve ser estrat\u00e9gico para o nosso neg\u00f3cio, integrado com o valor e gera\u00e7\u00e3o da caixa da companhia. Sabemos que o sucesso do nosso valor est\u00e1 ligado com a nossa dedica\u00e7\u00e3o em reconquistar as produtividades do nosso canavial, aten\u00e7\u00e3o e foco nos KPIS, na agilidade de reparar e curar falhas, tornando cada vez mais um time polivalente e preparado para o \"180 x 180\". Contamos com os programas aos nossos fornecedores de cana, parceiros e profissionais, para juntos conquistarmos nossos objetivos.                    <\/div>\n                                    <\/div>\n\n                            <\/div>\n            <\/div>\n    <\/div>\t\t\t\t<\/div>\n\t\t\t\t<\/div>\n\t\t\t\t<\/div>\n\t\t\t\t\t<\/div>\n\t\t\t\t<\/div>\n\t\t<div class=\"elementor-element elementor-element-22f6a413 e-flex e-con-boxed wpr-particle-no wpr-jarallax-no wpr-parallax-no wpr-sticky-section-no e-con e-parent\" data-id=\"22f6a413\" data-element_type=\"container\">\n\t\t\t\t\t<div class=\"e-con-inner\">\n\t\t<div class=\"elementor-element elementor-element-7b4c2db3 e-con-full e-flex wpr-particle-no wpr-jarallax-no wpr-parallax-no wpr-sticky-section-no elementor-invisible e-con e-child\" data-id=\"7b4c2db3\" data-element_type=\"container\" data-settings=\"{&quot;animation&quot;:&quot;slideInLeft&quot;}\">\n\t\t\t\t<div class=\"elementor-element elementor-element-4e472b elementor-widget__width-initial elementor-widget elementor-widget-image\" data-id=\"4e472b\" data-element_type=\"widget\" data-widget_type=\"image.default\">\n\t\t\t\t<div class=\"elementor-widget-container\">\n\t\t\t\t\t\t\t\t\t\t\t\t\t\t\t<img loading=\"lazy\" decoding=\"async\" width=\"992\" height=\"1024\" src=\"https:\/\/novosite.aralco.com.br\/wp-content\/uploads\/2026\/02\/governanca-corporativa-992x1024.png\" class=\"attachment-large size-large wp-image-4420\" alt=\"\" srcset=\"https:\/\/novosite.aralco.com.br\/wp-content\/uploads\/2026\/02\/governanca-corporativa-992x1024.png 992w, https:\/\/novosite.aralco.com.br\/wp-content\/uploads\/2026\/02\/governanca-corporativa-291x300.png 291w, https:\/\/novosite.aralco.com.br\/wp-content\/uploads\/2026\/02\/governanca-corporativa-768x793.png 768w, https:\/\/novosite.aralco.com.br\/wp-content\/uploads\/2026\/02\/governanca-corporativa-1488x1536.png 1488w, https:\/\/novosite.aralco.com.br\/wp-content\/uploads\/2026\/02\/governanca-corporativa-1983x2048.png 1983w, https:\/\/novosite.aralco.com.br\/wp-content\/uploads\/2026\/02\/governanca-corporativa.png 1994w\" sizes=\"(max-width: 992px) 100vw, 992px\" \/>\t\t\t\t\t\t\t\t\t\t\t\t\t\t\t<\/div>\n\t\t\t\t<\/div>\n\t\t\t\t<\/div>\n\t\t<div class=\"elementor-element elementor-element-3ab0aad6 e-con-full e-flex wpr-particle-no wpr-jarallax-no wpr-parallax-no wpr-sticky-section-no elementor-invisible e-con e-child\" data-id=\"3ab0aad6\" data-element_type=\"container\" data-settings=\"{&quot;animation&quot;:&quot;slideInRight&quot;}\">\n\t\t\t\t<div class=\"elementor-element elementor-element-1cb2252f elementor-widget elementor-widget-heading\" data-id=\"1cb2252f\" data-element_type=\"widget\" data-widget_type=\"heading.default\">\n\t\t\t\t<div class=\"elementor-widget-container\">\n\t\t\t\t\t<h2 class=\"elementor-heading-title elementor-size-default\">Governan\u00e7a Corporativa<\/h2>\t\t\t\t<\/div>\n\t\t\t\t<\/div>\n\t\t\t\t<div class=\"elementor-element elementor-element-3cd8b11a elementor-widget elementor-widget-text-editor\" data-id=\"3cd8b11a\" data-element_type=\"widget\" data-widget_type=\"text-editor.default\">\n\t\t\t\t<div class=\"elementor-widget-container\">\n\t\t\t\t\t\t\t\t\t<p>A governan\u00e7a \u00e9 um dos pilares da Aralco para a constru\u00e7\u00e3o de valor duradouro \u2014 baseada no di\u00e1logo aberto, na responsabilidade corporativa e no compromisso com a evolu\u00e7\u00e3o cont\u00ednua do neg\u00f3cio.<\/p><p>Nossa estrutura de gest\u00e3o \u00e9 formada por um Conselho e Comit\u00eas Internos que atuam em conjunto com a Diretoria, conduzindo a estrat\u00e9gia da companhia e garantindo decis\u00f5es consistentes e sustent\u00e1veis.<\/p><p>O Conselho \u00e9 composto por cinco membros \u2014 tr\u00eas deles acionistas \u2014 com perfis complementares e ampla experi\u00eancia empresarial. De forma integrada, orientam a estrat\u00e9gia do Grupo, avaliam temas que impactam o neg\u00f3cio e asseguram a sustentabilidade da Aralco no longo prazo.<\/p><p>Para apoiar essa atua\u00e7\u00e3o, os Comit\u00eas Internos se re\u00fanem semanalmente, aprofundando an\u00e1lises e acompanhando projetos priorit\u00e1rios nas \u00e1reas administrativa, financeira, operacional e estrat\u00e9gica. Essa din\u00e2mica fortalece o processo decis\u00f3rio, garante agilidade e promove o alinhamento entre governan\u00e7a, gest\u00e3o e execu\u00e7\u00e3o.<\/p>\t\t\t\t\t\t\t\t<\/div>\n\t\t\t\t<\/div>\n\t\t\t\t<\/div>\n\t\t\t\t\t<\/div>\n\t\t\t\t<\/div>\n\t\t\t\t<\/div>\n\t\t\n    <div class=\"xs_social_share_widget xs_share_url after_content \t\tmain_content  wslu-style-1 wslu-share-box-shaped wslu-fill-colored wslu-none wslu-share-horizontal wslu-theme-font-no wslu-main_content\">\n\n\t\t\n        <ul>\n\t\t\t        <\/ul>\n    <\/div> \n","protected":false},"excerpt":{"rendered":"<p>Nossos valores nos guiam Acreditamos que transpar\u00eancia, integridade e compromisso social s\u00e3o a base de todas as nossas a\u00e7\u00f5es. Nossa miss\u00e3o orienta cada decis\u00e3o, nossos valores sustentam a forma como atuamos, e a \u00e9tica e a conduta profissional guiam rela\u00e7\u00f5es confi\u00e1veis e s\u00f3lidas com profissionais, fornecedores, parceiros e clientes. Nossos valores, nosso DNA. Este conjunto de princ\u00edpios garante que nossas opera\u00e7\u00f5es sejam eficientes, respons\u00e1veis e sustent\u00e1veis, refletindo nosso prop\u00f3sito de crescer de maneira consistente, gerar valor para todos os envolvidos e consolidar a Aralco como refer\u00eancia de excel\u00eancia e confiabilidade no mercado. MISS\u00c3O Com muita paix\u00e3o, for\u00e7a e prepara\u00e7\u00e3o, estamos reconstruindo a marca Aralco e com nosso otimismo e fidelidade, faremos com que os nossos ativos operem em plena capacidade, perseguindo nossos indicadores com excel\u00eancia e supera\u00e7\u00e3o, para nos colocar entre os melhores do mercado. VIS\u00c3O Aliados aos nossos parceiros e fornecedores de cana, seguimos firmes para a realiza\u00e7\u00e3o do nosso plano quinquenal, contando com a prepara\u00e7\u00e3o da nossa equipe, que unida, comprometida e din\u00e2mica, buscar\u00e1 obter os melhores indicadores para gerar caixa, e assim aumentar o nosso portif\u00f3lio, resgatar a nossa produ\u00e7\u00e3o e produtividade, proporcionando uma melhor remunera\u00e7\u00e3o para todos. Acreditamos que os programas propostos \u00e0 Gest\u00e3o ser\u00e1 a base dessa realiza\u00e7\u00e3o. VALORES Apoiamos os programas comportamentais, estrat\u00e9gicos e preparativos. Respeitamos e monitoramos com firmeza a pol\u00edtica de dividendos, investimentos e de remunera\u00e7\u00e3o. Para isso nos alinhamos que tudo deve ser estrat\u00e9gico para o nosso neg\u00f3cio, integrado com o valor e gera\u00e7\u00e3o da caixa da companhia. Sabemos que o sucesso do nosso valor est\u00e1 ligado com a nossa dedica\u00e7\u00e3o em reconquistar as produtividades do nosso canavial, aten\u00e7\u00e3o e foco nos KPIS, na agilidade de reparar e curar falhas, tornando cada vez mais um time polivalente e preparado para o &#8220;180 x 180&#8221;. Contamos com os programas aos nossos fornecedores de cana, parceiros e profissionais, para juntos conquistarmos nossos objetivos. Governan\u00e7a Corporativa A governan\u00e7a \u00e9 um dos pilares da Aralco para a constru\u00e7\u00e3o de valor duradouro \u2014 baseada no di\u00e1logo aberto, na responsabilidade corporativa e no compromisso com a evolu\u00e7\u00e3o cont\u00ednua do neg\u00f3cio. Nossa estrutura de gest\u00e3o \u00e9 formada por um Conselho e Comit\u00eas Internos que atuam em conjunto com a Diretoria, conduzindo a estrat\u00e9gia da companhia e garantindo decis\u00f5es consistentes e sustent\u00e1veis. O Conselho \u00e9 composto por cinco membros \u2014 tr\u00eas deles acionistas \u2014 com perfis complementares e ampla experi\u00eancia empresarial. De forma integrada, orientam a estrat\u00e9gia do Grupo, avaliam temas que impactam o neg\u00f3cio e asseguram a sustentabilidade da Aralco no longo prazo. Para apoiar essa atua\u00e7\u00e3o, os Comit\u00eas Internos se re\u00fanem semanalmente, aprofundando an\u00e1lises e acompanhando projetos priorit\u00e1rios nas \u00e1reas administrativa, financeira, operacional e estrat\u00e9gica. Essa din\u00e2mica fortalece o processo decis\u00f3rio, garante agilidade e promove o alinhamento entre governan\u00e7a, gest\u00e3o e execu\u00e7\u00e3o.<\/p>\n","protected":false},"author":1,"featured_media":0,"parent":0,"menu_order":0,"comment_status":"closed","ping_status":"closed","template":"elementor_header_footer","meta":{"postBodyCss":"","postBodyMargin":[],"postBodyPadding":[],"postBodyBackground":{"backgroundType":"classic","gradient":""},"site-sidebar-layout":"no-sidebar","site-content-layout":"","ast-site-content-layout":"full-width-container","site-content-style":"default","site-sidebar-style":"default","ast-global-header-display":"","ast-banner-title-visibility":"","ast-main-header-display":"","ast-hfb-above-header-display":"","ast-hfb-below-header-display":"","ast-hfb-mobile-header-display":"","site-post-title":"disabled","ast-breadcrumbs-content":"","ast-featured-img":"disabled","footer-sml-layout":"","theme-transparent-header-meta":"","adv-header-id-meta":"","stick-header-meta":"","header-above-stick-meta":"","header-main-stick-meta":"","header-below-stick-meta":"","astra-migrate-meta-layouts":"default","ast-page-background-enabled":"default","ast-page-background-meta":{"desktop":{"background-color":"var(--ast-global-color-5)","background-image":"","background-repeat":"repeat","background-position":"center center","background-size":"auto","background-attachment":"scroll","background-type":"","background-media":"","overlay-type":"","overlay-color":"","overlay-opacity":"","overlay-gradient":""},"tablet":{"background-color":"","background-image":"","background-repeat":"repeat","background-position":"center center","background-size":"auto","background-attachment":"scroll","background-type":"","background-media":"","overlay-type":"","overlay-color":"","overlay-opacity":"","overlay-gradient":""},"mobile":{"background-color":"","background-image":"","background-repeat":"repeat","background-position":"center center","background-size":"auto","background-attachment":"scroll","background-type":"","background-media":"","overlay-type":"","overlay-color":"","overlay-opacity":"","overlay-gradient":""}},"ast-content-background-meta":{"desktop":{"background-color":"var(--ast-global-color-4)","background-image":"","background-repeat":"repeat","background-position":"center center","background-size":"auto","background-attachment":"scroll","background-type":"","background-media":"","overlay-type":"","overlay-color":"","overlay-opacity":"","overlay-gradient":""},"tablet":{"background-color":"var(--ast-global-color-4)","background-image":"","background-repeat":"repeat","background-position":"center center","background-size":"auto","background-attachment":"scroll","background-type":"","background-media":"","overlay-type":"","overlay-color":"","overlay-opacity":"","overlay-gradient":""},"mobile":{"background-color":"var(--ast-global-color-4)","background-image":"","background-repeat":"repeat","background-position":"center center","background-size":"auto","background-attachment":"scroll","background-type":"","background-media":"","overlay-type":"","overlay-color":"","overlay-opacity":"","overlay-gradient":""}},"footnotes":""},"class_list":["post-40","page","type-page","status-publish","hentry"],"_links":{"self":[{"href":"https:\/\/novosite.aralco.com.br\/index.php?rest_route=\/wp\/v2\/pages\/40","targetHints":{"allow":["GET"]}}],"collection":[{"href":"https:\/\/novosite.aralco.com.br\/index.php?rest_route=\/wp\/v2\/pages"}],"about":[{"href":"https:\/\/novosite.aralco.com.br\/index.php?rest_route=\/wp\/v2\/types\/page"}],"author":[{"embeddable":true,"href":"https:\/\/novosite.aralco.com.br\/index.php?rest_route=\/wp\/v2\/users\/1"}],"replies":[{"embeddable":true,"href":"https:\/\/novosite.aralco.com.br\/index.php?rest_route=%2Fwp%2Fv2%2Fcomments&post=40"}],"version-history":[{"count":71,"href":"https:\/\/novosite.aralco.com.br\/index.php?rest_route=\/wp\/v2\/pages\/40\/revisions"}],"predecessor-version":[{"id":4544,"href":"https:\/\/novosite.aralco.com.br\/index.php?rest_route=\/wp\/v2\/pages\/40\/revisions\/4544"}],"wp:attachment":[{"href":"https:\/\/novosite.aralco.com.br\/index.php?rest_route=%2Fwp%2Fv2%2Fmedia&parent=40"}],"curies":[{"name":"wp","href":"https:\/\/api.w.org\/{rel}","templated":true}]}}