{"id":58,"date":"2025-11-19T05:22:32","date_gmt":"2025-11-19T05:22:32","guid":{"rendered":"https:\/\/novosite.aralco.com.br\/?page_id=58"},"modified":"2026-02-09T05:05:58","modified_gmt":"2026-02-09T08:05:58","slug":"relatorios-e-documentos","status":"publish","type":"page","link":"https:\/\/novosite.aralco.com.br\/?page_id=58","title":{"rendered":"Relat\u00f3rios e Documentos"},"content":{"rendered":"\t\t<div data-elementor-type=\"wp-page\" data-elementor-id=\"58\" class=\"elementor elementor-58\">\n\t\t\t\t<div class=\"elementor-element elementor-element-2ea188c0 e-flex e-con-boxed wpr-particle-no wpr-jarallax-no wpr-parallax-no wpr-sticky-section-no e-con e-parent\" data-id=\"2ea188c0\" data-element_type=\"container\" data-settings=\"{&quot;background_background&quot;:&quot;classic&quot;}\">\n\t\t\t\t\t<div class=\"e-con-inner\">\n\t\t\t\t<div class=\"elementor-element elementor-element-9691d33 elementor-widget elementor-widget-heading\" data-id=\"9691d33\" data-element_type=\"widget\" data-widget_type=\"heading.default\">\n\t\t\t\t<div class=\"elementor-widget-container\">\n\t\t\t\t\t<h2 class=\"elementor-heading-title elementor-size-default\">Transpar\u00eancia como pr\u00e1tica permanente<\/h2>\t\t\t\t<\/div>\n\t\t\t\t<\/div>\n\t\t\t\t\t<\/div>\n\t\t\t\t<\/div>\n\t\t<div class=\"elementor-element elementor-element-c05353b e-flex e-con-boxed wpr-particle-no wpr-jarallax-no wpr-parallax-no wpr-sticky-section-no e-con e-parent\" data-id=\"c05353b\" data-element_type=\"container\">\n\t\t\t\t\t<div class=\"e-con-inner\">\n\t\t<div class=\"elementor-element elementor-element-447b675f e-flex e-con-boxed wpr-particle-no wpr-jarallax-no wpr-parallax-no wpr-sticky-section-no elementor-invisible e-con e-child\" data-id=\"447b675f\" data-element_type=\"container\" data-settings=\"{&quot;animation&quot;:&quot;slideInRight&quot;}\">\n\t\t\t\t\t<div class=\"e-con-inner\">\n\t\t\t\t<div class=\"elementor-element elementor-element-795c4622 elementor-widget elementor-widget-heading\" data-id=\"795c4622\" data-element_type=\"widget\" data-widget_type=\"heading.default\">\n\t\t\t\t<div class=\"elementor-widget-container\">\n\t\t\t\t\t<h2 class=\"elementor-heading-title elementor-size-default\">Relat\u00f3rios Anuais<\/h2>\t\t\t\t<\/div>\n\t\t\t\t<\/div>\n\t\t\t\t<div class=\"elementor-element elementor-element-204efd09 elementor-widget elementor-widget-text-editor\" data-id=\"204efd09\" data-element_type=\"widget\" data-widget_type=\"text-editor.default\">\n\t\t\t\t<div class=\"elementor-widget-container\">\n\t\t\t\t\t\t\t\t\t<p>Os <strong>Relat\u00f3rios Anuais da Aralco reafirmam nosso compromisso com a transpar\u00eancia e a responsabilidade<\/strong> corporativa. Neles, <strong>compartilhamos informa\u00e7\u00f5es financeiras, operacionais e sustent\u00e1veis<\/strong> que demonstram nossos resultados, avan\u00e7os e o impacto positivo das nossas a\u00e7\u00f5es no desenvolvimento das comunidades e do meio ambiente.<\/p>\t\t\t\t\t\t\t\t<\/div>\n\t\t\t\t<\/div>\n\t\t\t\t\t<\/div>\n\t\t\t\t<\/div>\n\t\t\t\t\t<\/div>\n\t\t\t\t<\/div>\n\t\t<div class=\"elementor-element elementor-element-54f6f601 e-flex e-con-boxed wpr-particle-no wpr-jarallax-no wpr-parallax-no wpr-sticky-section-no e-con e-parent\" data-id=\"54f6f601\" data-element_type=\"container\" data-settings=\"{&quot;background_background&quot;:&quot;classic&quot;}\">\n\t\t\t\t\t<div class=\"e-con-inner\">\n\t\t\t\t<div class=\"elementor-element elementor-element-1ab6af9b elementor-widget elementor-widget-elementskit-heading\" data-id=\"1ab6af9b\" data-element_type=\"widget\" data-widget_type=\"elementskit-heading.default\">\n\t\t\t\t<div class=\"elementor-widget-container\">\n\t\t\t\t\t<div class=\"ekit-wid-con\" ><div class=\"ekit-heading elementskit-section-title-wraper center   ekit_heading_tablet-   ekit_heading_mobile-\"><h2 class=\"ekit-heading--title elementskit-section-title \">Acesse ou baixe nossos relat\u00f3rios:<\/h2><\/div><\/div>\t\t\t\t<\/div>\n\t\t\t\t<\/div>\n\t\t<div class=\"elementor-element elementor-element-7ee33045 e-con-full e-flex wpr-particle-no wpr-jarallax-no wpr-parallax-no wpr-sticky-section-no e-con e-child\" data-id=\"7ee33045\" data-element_type=\"container\">\n\t\t\t\t<div class=\"elementor-element elementor-element-1d645ae3 ekit-equal-height-disable elementor-widget elementor-widget-elementskit-image-box\" data-id=\"1d645ae3\" data-element_type=\"widget\" data-widget_type=\"elementskit-image-box.default\">\n\t\t\t\t<div class=\"elementor-widget-container\">\n\t\t\t\t\t<div class=\"ekit-wid-con\" >\n            <div class=\"elementskit-info-image-box ekit-image-box text-right hover_from_right hover-border-bottom\" >\n\n                <a >\n                <div class=\"elementskit-box-header image-box-img-right\">\n\n                    <img fetchpriority=\"high\" decoding=\"async\" width=\"986\" height=\"697\" src=\"https:\/\/novosite.aralco.com.br\/wp-content\/uploads\/2026\/01\/Relatorio-Anual-01.jpg\" class=\"attachment-full size-full wp-image-3381\" alt=\"\" srcset=\"https:\/\/novosite.aralco.com.br\/wp-content\/uploads\/2026\/01\/Relatorio-Anual-01.jpg 986w, https:\/\/novosite.aralco.com.br\/wp-content\/uploads\/2026\/01\/Relatorio-Anual-01-300x212.jpg 300w, https:\/\/novosite.aralco.com.br\/wp-content\/uploads\/2026\/01\/Relatorio-Anual-01-768x543.jpg 768w\" sizes=\"(max-width: 986px) 100vw, 986px\" \/>\n                <\/div>\n                <\/a>\n                <div class=\"elementskit-box-body ekit-image-box-body\">\n                    <div class=\"elementskit-box-content ekit-image-box-body-inner\">\n                                                <h3 class=\"elementskit-info-box-title\">\n\n                        Relat\u00f3rio Anual 2023\/2024\n                        \n                    <\/h3>\n                                                        <\/div>\n\n                                <div class=\"elementskit-box-footer\">\n                    <div class=\"box-footer\">\n                        <div class=\"btn-wraper\">\n                                                            <a href=\"\/wp-content\/uploads\/2026\/01\/Relatorio-20232024-2025-05-08-035841.pdf\" target=\"_blank\" class=\"elementskit-btn whitespace--normal\">\n                                    \n                                    \n                                    ACESSE AQUI                                <\/a>\n                                                        <\/div>\n                    <\/div>\n                <\/div>\n                            <\/div>\n            <\/div>\n    <\/div>\t\t\t\t<\/div>\n\t\t\t\t<\/div>\n\t\t\t\t<div class=\"elementor-element elementor-element-77e573e6 ekit-equal-height-disable elementor-widget elementor-widget-elementskit-image-box\" data-id=\"77e573e6\" data-element_type=\"widget\" data-widget_type=\"elementskit-image-box.default\">\n\t\t\t\t<div class=\"elementor-widget-container\">\n\t\t\t\t\t<div class=\"ekit-wid-con\" >\n            <div class=\"elementskit-info-image-box ekit-image-box text-right hover_from_right hover-border-bottom\" >\n\n                \n                <div class=\"elementskit-box-header image-box-img-right\">\n\n                    <img decoding=\"async\" width=\"986\" height=\"697\" src=\"https:\/\/novosite.aralco.com.br\/wp-content\/uploads\/2026\/01\/Relatorio-Anual-02.jpg\" class=\"attachment-full size-full wp-image-3382\" alt=\"\" srcset=\"https:\/\/novosite.aralco.com.br\/wp-content\/uploads\/2026\/01\/Relatorio-Anual-02.jpg 986w, https:\/\/novosite.aralco.com.br\/wp-content\/uploads\/2026\/01\/Relatorio-Anual-02-300x212.jpg 300w, https:\/\/novosite.aralco.com.br\/wp-content\/uploads\/2026\/01\/Relatorio-Anual-02-768x543.jpg 768w\" sizes=\"(max-width: 986px) 100vw, 986px\" \/>\n                <\/div>\n                \n                <div class=\"elementskit-box-body ekit-image-box-body\">\n                    <div class=\"elementskit-box-content ekit-image-box-body-inner\">\n                                                <h3 class=\"elementskit-info-box-title\">\n\n                        Relat\u00f3rio Anual 2022\/2023\n                        \n                    <\/h3>\n                                                        <\/div>\n\n                                <div class=\"elementskit-box-footer\">\n                    <div class=\"box-footer\">\n                        <div class=\"btn-wraper\">\n                                                            <a href=\"\/wp-content\/uploads\/2026\/01\/Relatorio-20222023-2023-08-14-081923.pdf\" target=\"_blank\" class=\"elementskit-btn whitespace--normal\">\n                                    \n                                    \n                                    ACESSE AQUI                                <\/a>\n                                                        <\/div>\n                    <\/div>\n                <\/div>\n                            <\/div>\n            <\/div>\n    <\/div>\t\t\t\t<\/div>\n\t\t\t\t<\/div>\n\t\t\t\t<div class=\"elementor-element elementor-element-59c90bde ekit-equal-height-disable elementor-widget elementor-widget-elementskit-image-box\" data-id=\"59c90bde\" data-element_type=\"widget\" data-widget_type=\"elementskit-image-box.default\">\n\t\t\t\t<div class=\"elementor-widget-container\">\n\t\t\t\t\t<div class=\"ekit-wid-con\" >\n            <div class=\"elementskit-info-image-box ekit-image-box text-right hover_from_right hover-border-bottom\" >\n\n                \n                <div class=\"elementskit-box-header image-box-img-right\">\n\n                    <img decoding=\"async\" width=\"987\" height=\"696\" src=\"https:\/\/novosite.aralco.com.br\/wp-content\/uploads\/2026\/01\/Relatorio-Anual-02a.jpg\" class=\"attachment-full size-full wp-image-3402\" alt=\"\" srcset=\"https:\/\/novosite.aralco.com.br\/wp-content\/uploads\/2026\/01\/Relatorio-Anual-02a.jpg 987w, https:\/\/novosite.aralco.com.br\/wp-content\/uploads\/2026\/01\/Relatorio-Anual-02a-300x212.jpg 300w, https:\/\/novosite.aralco.com.br\/wp-content\/uploads\/2026\/01\/Relatorio-Anual-02a-768x542.jpg 768w\" sizes=\"(max-width: 987px) 100vw, 987px\" \/>\n                <\/div>\n                \n                <div class=\"elementskit-box-body ekit-image-box-body\">\n                    <div class=\"elementskit-box-content ekit-image-box-body-inner\">\n                                                <h3 class=\"elementskit-info-box-title\">\n\n                        Relat\u00f3rio Anual 2021\/2022\n                        \n                    <\/h3>\n                                                        <\/div>\n\n                                <div class=\"elementskit-box-footer\">\n                    <div class=\"box-footer\">\n                        <div class=\"btn-wraper\">\n                                                            <a href=\"\/wp-content\/uploads\/2026\/01\/Relatorio-20212022-2023-04-18-015905.pdf\" target=\"_blank\" class=\"elementskit-btn whitespace--normal\">\n                                    \n                                    \n                                    ACESSE AQUI                                <\/a>\n                                                        <\/div>\n                    <\/div>\n                <\/div>\n                            <\/div>\n            <\/div>\n    <\/div>\t\t\t\t<\/div>\n\t\t\t\t<\/div>\n\t\t\t\t<\/div>\n\t\t<div class=\"elementor-element elementor-element-ecc75cc e-con-full e-flex wpr-particle-no wpr-jarallax-no wpr-parallax-no wpr-sticky-section-no e-con e-child\" data-id=\"ecc75cc\" data-element_type=\"container\">\n\t\t\t\t<div class=\"elementor-element elementor-element-f27f5f9 ekit-equal-height-disable elementor-widget elementor-widget-elementskit-image-box\" data-id=\"f27f5f9\" data-element_type=\"widget\" data-widget_type=\"elementskit-image-box.default\">\n\t\t\t\t<div class=\"elementor-widget-container\">\n\t\t\t\t\t<div class=\"ekit-wid-con\" >\n            <div class=\"elementskit-info-image-box ekit-image-box text-right hover_from_right hover-border-bottom\" >\n\n                <a >\n                <div class=\"elementskit-box-header image-box-img-right\">\n\n                    <img loading=\"lazy\" decoding=\"async\" width=\"986\" height=\"697\" src=\"https:\/\/novosite.aralco.com.br\/wp-content\/uploads\/2026\/01\/Relatorio-Anual-03.jpg\" class=\"attachment-full size-full wp-image-3383\" alt=\"\" srcset=\"https:\/\/novosite.aralco.com.br\/wp-content\/uploads\/2026\/01\/Relatorio-Anual-03.jpg 986w, https:\/\/novosite.aralco.com.br\/wp-content\/uploads\/2026\/01\/Relatorio-Anual-03-300x212.jpg 300w, https:\/\/novosite.aralco.com.br\/wp-content\/uploads\/2026\/01\/Relatorio-Anual-03-768x543.jpg 768w\" sizes=\"(max-width: 986px) 100vw, 986px\" \/>\n                <\/div>\n                <\/a>\n                <div class=\"elementskit-box-body ekit-image-box-body\">\n                    <div class=\"elementskit-box-content ekit-image-box-body-inner\">\n                                                <h3 class=\"elementskit-info-box-title\">\n\n                        Relat\u00f3rio Anual 2020\/2021\n                        \n                    <\/h3>\n                                                        <\/div>\n\n                                <div class=\"elementskit-box-footer\">\n                    <div class=\"box-footer\">\n                        <div class=\"btn-wraper\">\n                                                            <a href=\"\/wp-content\/uploads\/2026\/01\/Relatorio-20202021-2022-05-12-012112.pdf\" target=\"_blank\" class=\"elementskit-btn whitespace--normal\">\n                                    \n                                    \n                                    ACESSE AQUI                                <\/a>\n                                                        <\/div>\n                    <\/div>\n                <\/div>\n                            <\/div>\n            <\/div>\n    <\/div>\t\t\t\t<\/div>\n\t\t\t\t<\/div>\n\t\t\t\t<div class=\"elementor-element elementor-element-f1553bd ekit-equal-height-disable elementor-widget elementor-widget-elementskit-image-box\" data-id=\"f1553bd\" data-element_type=\"widget\" data-widget_type=\"elementskit-image-box.default\">\n\t\t\t\t<div class=\"elementor-widget-container\">\n\t\t\t\t\t<div class=\"ekit-wid-con\" >\n            <div class=\"elementskit-info-image-box ekit-image-box text-right hover_from_right hover-border-bottom\" >\n\n                \n                <div class=\"elementskit-box-header image-box-img-right\">\n\n                    <img loading=\"lazy\" decoding=\"async\" width=\"987\" height=\"698\" src=\"https:\/\/novosite.aralco.com.br\/wp-content\/uploads\/2026\/01\/Relatorio-Anual-04.jpg\" class=\"attachment-full size-full wp-image-3384\" alt=\"\" srcset=\"https:\/\/novosite.aralco.com.br\/wp-content\/uploads\/2026\/01\/Relatorio-Anual-04.jpg 987w, https:\/\/novosite.aralco.com.br\/wp-content\/uploads\/2026\/01\/Relatorio-Anual-04-300x212.jpg 300w, https:\/\/novosite.aralco.com.br\/wp-content\/uploads\/2026\/01\/Relatorio-Anual-04-768x543.jpg 768w\" sizes=\"(max-width: 987px) 100vw, 987px\" \/>\n                <\/div>\n                \n                <div class=\"elementskit-box-body ekit-image-box-body\">\n                    <div class=\"elementskit-box-content ekit-image-box-body-inner\">\n                                                <h3 class=\"elementskit-info-box-title\">\n\n                        Relat\u00f3rio Anual 2019\/2020\n                        \n                    <\/h3>\n                                                        <\/div>\n\n                                <div class=\"elementskit-box-footer\">\n                    <div class=\"box-footer\">\n                        <div class=\"btn-wraper\">\n                                                            <a href=\"\/wp-content\/uploads\/2026\/01\/Relatorio-20192020-2021-07-28-040439.pdf\" target=\"_blank\" class=\"elementskit-btn whitespace--normal\">\n                                    \n                                    \n                                    ACESSE AQUI                                <\/a>\n                                                        <\/div>\n                    <\/div>\n                <\/div>\n                            <\/div>\n            <\/div>\n    <\/div>\t\t\t\t<\/div>\n\t\t\t\t<\/div>\n\t\t\t\t<div class=\"elementor-element elementor-element-f53621e ekit-equal-height-disable elementor-widget elementor-widget-elementskit-image-box\" data-id=\"f53621e\" data-element_type=\"widget\" data-widget_type=\"elementskit-image-box.default\">\n\t\t\t\t<div class=\"elementor-widget-container\">\n\t\t\t\t\t<div class=\"ekit-wid-con\" >\n            <div class=\"elementskit-info-image-box ekit-image-box text-right hover_from_right hover-border-bottom\" >\n\n                \n                <div class=\"elementskit-box-header image-box-img-right\">\n\n                    <img loading=\"lazy\" decoding=\"async\" width=\"986\" height=\"697\" src=\"https:\/\/novosite.aralco.com.br\/wp-content\/uploads\/2026\/01\/Relatorio-Anual-05.jpg\" class=\"attachment-full size-full wp-image-3385\" alt=\"\" srcset=\"https:\/\/novosite.aralco.com.br\/wp-content\/uploads\/2026\/01\/Relatorio-Anual-05.jpg 986w, https:\/\/novosite.aralco.com.br\/wp-content\/uploads\/2026\/01\/Relatorio-Anual-05-300x212.jpg 300w, https:\/\/novosite.aralco.com.br\/wp-content\/uploads\/2026\/01\/Relatorio-Anual-05-768x543.jpg 768w\" sizes=\"(max-width: 986px) 100vw, 986px\" \/>\n                <\/div>\n                \n                <div class=\"elementskit-box-body ekit-image-box-body\">\n                    <div class=\"elementskit-box-content ekit-image-box-body-inner\">\n                                                <h3 class=\"elementskit-info-box-title\">\n\n                        Relat\u00f3rio Anual 2018\/2019\n                        \n                    <\/h3>\n                                                        <\/div>\n\n                                <div class=\"elementskit-box-footer\">\n                    <div class=\"box-footer\">\n                        <div class=\"btn-wraper\">\n                                                            <a href=\"\/wp-content\/uploads\/2026\/01\/Relatorio-20182019-2020-01-13-110530.pdf\" target=\"_blank\" class=\"elementskit-btn whitespace--normal\">\n                                    \n                                    \n                                    ACESSE AQUI                                <\/a>\n                                                        <\/div>\n                    <\/div>\n                <\/div>\n                            <\/div>\n            <\/div>\n    <\/div>\t\t\t\t<\/div>\n\t\t\t\t<\/div>\n\t\t\t\t<\/div>\n\t\t\t\t\t<\/div>\n\t\t\t\t<\/div>\n\t\t\t\t<\/div>\n\t\t\n    <div class=\"xs_social_share_widget xs_share_url after_content \t\tmain_content  wslu-style-1 wslu-share-box-shaped wslu-fill-colored wslu-none wslu-share-horizontal wslu-theme-font-no wslu-main_content\">\n\n\t\t\n        <ul>\n\t\t\t        <\/ul>\n    <\/div> \n","protected":false},"excerpt":{"rendered":"<p>Transpar\u00eancia como pr\u00e1tica permanente Relat\u00f3rios Anuais Os Relat\u00f3rios Anuais da Aralco reafirmam nosso compromisso com a transpar\u00eancia e a responsabilidade corporativa. Neles, compartilhamos informa\u00e7\u00f5es financeiras, operacionais e sustent\u00e1veis que demonstram nossos resultados, avan\u00e7os e o impacto positivo das nossas a\u00e7\u00f5es no desenvolvimento das comunidades e do meio ambiente. Acesse ou baixe nossos relat\u00f3rios: Relat\u00f3rio Anual 2023\/2024 ACESSE AQUI Relat\u00f3rio Anual 2022\/2023 ACESSE AQUI Relat\u00f3rio Anual 2021\/2022 ACESSE AQUI Relat\u00f3rio Anual 2020\/2021 ACESSE AQUI Relat\u00f3rio Anual 2019\/2020 ACESSE AQUI Relat\u00f3rio Anual 2018\/2019 ACESSE AQUI<\/p>\n","protected":false},"author":1,"featured_media":0,"parent":0,"menu_order":0,"comment_status":"closed","ping_status":"closed","template":"elementor_header_footer","meta":{"postBodyCss":"","postBodyMargin":[],"postBodyPadding":[],"postBodyBackground":{"backgroundType":"classic","gradient":""},"site-sidebar-layout":"no-sidebar","site-content-layout":"","ast-site-content-layout":"full-width-container","site-content-style":"default","site-sidebar-style":"default","ast-global-header-display":"","ast-banner-title-visibility":"","ast-main-header-display":"","ast-hfb-above-header-display":"","ast-hfb-below-header-display":"","ast-hfb-mobile-header-display":"","site-post-title":"disabled","ast-breadcrumbs-content":"","ast-featured-img":"disabled","footer-sml-layout":"","theme-transparent-header-meta":"","adv-header-id-meta":"","stick-header-meta":"","header-above-stick-meta":"","header-main-stick-meta":"","header-below-stick-meta":"","astra-migrate-meta-layouts":"default","ast-page-background-enabled":"default","ast-page-background-meta":{"desktop":{"background-color":"var(--ast-global-color-5)","background-image":"","background-repeat":"repeat","background-position":"center center","background-size":"auto","background-attachment":"scroll","background-type":"","background-media":"","overlay-type":"","overlay-color":"","overlay-opacity":"","overlay-gradient":""},"tablet":{"background-color":"","background-image":"","background-repeat":"repeat","background-position":"center center","background-size":"auto","background-attachment":"scroll","background-type":"","background-media":"","overlay-type":"","overlay-color":"","overlay-opacity":"","overlay-gradient":""},"mobile":{"background-color":"","background-image":"","background-repeat":"repeat","background-position":"center center","background-size":"auto","background-attachment":"scroll","background-type":"","background-media":"","overlay-type":"","overlay-color":"","overlay-opacity":"","overlay-gradient":""}},"ast-content-background-meta":{"desktop":{"background-color":"var(--ast-global-color-4)","background-image":"","background-repeat":"repeat","background-position":"center center","background-size":"auto","background-attachment":"scroll","background-type":"","background-media":"","overlay-type":"","overlay-color":"","overlay-opacity":"","overlay-gradient":""},"tablet":{"background-color":"var(--ast-global-color-4)","background-image":"","background-repeat":"repeat","background-position":"center center","background-size":"auto","background-attachment":"scroll","background-type":"","background-media":"","overlay-type":"","overlay-color":"","overlay-opacity":"","overlay-gradient":""},"mobile":{"background-color":"var(--ast-global-color-4)","background-image":"","background-repeat":"repeat","background-position":"center center","background-size":"auto","background-attachment":"scroll","background-type":"","background-media":"","overlay-type":"","overlay-color":"","overlay-opacity":"","overlay-gradient":""}},"footnotes":""},"class_list":["post-58","page","type-page","status-publish","hentry"],"_links":{"self":[{"href":"https:\/\/novosite.aralco.com.br\/index.php?rest_route=\/wp\/v2\/pages\/58","targetHints":{"allow":["GET"]}}],"collection":[{"href":"https:\/\/novosite.aralco.com.br\/index.php?rest_route=\/wp\/v2\/pages"}],"about":[{"href":"https:\/\/novosite.aralco.com.br\/index.php?rest_route=\/wp\/v2\/types\/page"}],"author":[{"embeddable":true,"href":"https:\/\/novosite.aralco.com.br\/index.php?rest_route=\/wp\/v2\/users\/1"}],"replies":[{"embeddable":true,"href":"https:\/\/novosite.aralco.com.br\/index.php?rest_route=%2Fwp%2Fv2%2Fcomments&post=58"}],"version-history":[{"count":46,"href":"https:\/\/novosite.aralco.com.br\/index.php?rest_route=\/wp\/v2\/pages\/58\/revisions"}],"predecessor-version":[{"id":4529,"href":"https:\/\/novosite.aralco.com.br\/index.php?rest_route=\/wp\/v2\/pages\/58\/revisions\/4529"}],"wp:attachment":[{"href":"https:\/\/novosite.aralco.com.br\/index.php?rest_route=%2Fwp%2Fv2%2Fmedia&parent=58"}],"curies":[{"name":"wp","href":"https:\/\/api.w.org\/{rel}","templated":true}]}}