{"id":70,"date":"2025-11-19T05:23:13","date_gmt":"2025-11-19T05:23:13","guid":{"rendered":"https:\/\/novosite.aralco.com.br\/?page_id=70"},"modified":"2026-02-09T04:23:46","modified_gmt":"2026-02-09T07:23:46","slug":"acucar-etanol","status":"publish","type":"page","link":"https:\/\/novosite.aralco.com.br\/?page_id=70","title":{"rendered":"A\u00e7\u00facar &amp; Etanol"},"content":{"rendered":"\t\t<div data-elementor-type=\"wp-page\" data-elementor-id=\"70\" class=\"elementor elementor-70\">\n\t\t\t\t<div class=\"elementor-element elementor-element-5843283a1 e-flex e-con-boxed wpr-particle-no wpr-jarallax-no wpr-parallax-no wpr-sticky-section-no e-con e-parent\" data-id=\"5843283a1\" data-element_type=\"container\" data-settings=\"{&quot;background_background&quot;:&quot;classic&quot;}\">\n\t\t\t\t\t<div class=\"e-con-inner\">\n\t\t\t\t<div class=\"elementor-element elementor-element-431673a2 elementor-widget elementor-widget-heading\" data-id=\"431673a2\" data-element_type=\"widget\" data-widget_type=\"heading.default\">\n\t\t\t\t<div class=\"elementor-widget-container\">\n\t\t\t\t\t<h2 class=\"elementor-heading-title elementor-size-default\">Do campo \u00e0 ind\u00fastria, transformando cana em valor<\/h2>\t\t\t\t<\/div>\n\t\t\t\t<\/div>\n\t\t\t\t\t<\/div>\n\t\t\t\t<\/div>\n\t\t<div class=\"elementor-element elementor-element-c718984 e-flex e-con-boxed wpr-particle-no wpr-jarallax-no wpr-parallax-no wpr-sticky-section-no e-con e-parent\" data-id=\"c718984\" data-element_type=\"container\">\n\t\t\t\t\t<div class=\"e-con-inner\">\n\t\t<div class=\"elementor-element elementor-element-beb6a3e e-con-full e-flex wpr-particle-no wpr-jarallax-no wpr-parallax-no wpr-sticky-section-no e-con e-child\" data-id=\"beb6a3e\" data-element_type=\"container\">\n\t\t<div class=\"elementor-element elementor-element-9727092 e-con-full e-flex wpr-particle-no wpr-jarallax-no wpr-parallax-no wpr-sticky-section-no e-con e-child\" data-id=\"9727092\" data-element_type=\"container\">\n\t\t<div class=\"elementor-element elementor-element-b449537 e-con-full e-flex wpr-particle-no wpr-jarallax-no wpr-parallax-no wpr-sticky-section-no e-con e-child\" data-id=\"b449537\" data-element_type=\"container\">\n\t\t\t\t<div class=\"elementor-element elementor-element-63b363e team-member wpr-team-member-divider-center wpr-team-member-social-media-center elementor-widget elementor-widget-wpr-team-member\" data-id=\"63b363e\" data-element_type=\"widget\" data-widget_type=\"wpr-team-member.default\">\n\t\t\t\t<div class=\"elementor-widget-container\">\n\t\t\t\t\t\n\t<div class=\"wpr-team-member\">\n\t\t\t\t\t\n\t\t\t<div class=\"wpr-member-media\">\n\t\t\t\t<div class=\"wpr-member-image\">\n\t\t\t\t\t<img decoding=\"async\" src=\"https:\/\/novosite.aralco.com.br\/wp-content\/uploads\/elementor\/thumbs\/784206ee-dfd9-44de-9c2b-033d685f7714-rfe3nuhse9fvfxyh7ujzme6sn04dr6y3xtmtn1yg3o.jpg\" alt=\"A\u00e7\u00facar &amp; Etanol\">\n\t\t\t\t<\/div>\n\t\t\t\t\t\t\t<\/div>\n\t\t\t\t\n\t\t\n\t\t<div class=\"wpr-member-content\">\n\t\t\t<h2 class=\"wpr-member-name\">A\u00e7\u00facar &amp; Etanol<\/h2>\n\t\t\t\n\t\t\t\t\t\t\t<div class=\"wpr-member-job\">Energia que transforma o Brasil<\/div>\n\t\t\t\n\t\t\t\t\t\t\t<div class=\"wpr-member-divider\"><\/div>\n\t\t\t\n\t\t\t\t\t\t\t<div class=\"wpr-member-description\">No cora\u00e7\u00e3o do Brasil, o Grupo Aralco transforma a cana-de-a\u00e7\u00facar em energia, alimento e oportunidades. Com unidades estrategicamente localizadas em Ara\u00e7atuba, Santo Ant\u00f4nio do Aracangu\u00e1, General Salgado e Buritama, produzimos a\u00e7\u00facar e etanol de forma sustent\u00e1vel, eficiente e alinhada \u00e0s demandas do mercado nacional e internacional.<\/div>\n\t\t\t\t\t\t\n\t\t\t\t\t<\/div>\n\n\t\t\t<\/div>\n\n\t\t\t\t\t<\/div>\n\t\t\t\t<\/div>\n\t\t\t\t<\/div>\n\t\t<div class=\"elementor-element elementor-element-57be3d2 e-con-full e-flex wpr-particle-no wpr-jarallax-no wpr-parallax-no wpr-sticky-section-no e-con e-child\" data-id=\"57be3d2\" data-element_type=\"container\">\n\t\t\t\t<div class=\"elementor-element elementor-element-1a12cf5 team-member wpr-team-member-divider-center wpr-team-member-social-media-center elementor-widget elementor-widget-wpr-team-member\" data-id=\"1a12cf5\" data-element_type=\"widget\" data-widget_type=\"wpr-team-member.default\">\n\t\t\t\t<div class=\"elementor-widget-container\">\n\t\t\t\t\t\n\t<div class=\"wpr-team-member\">\n\t\t\t\t\t\n\t\t\t<div class=\"wpr-member-media\">\n\t\t\t\t<div class=\"wpr-member-image\">\n\t\t\t\t\t<img decoding=\"async\" src=\"https:\/\/novosite.aralco.com.br\/wp-content\/uploads\/elementor\/thumbs\/BZ900915-scaled-rfe3nz6zcfmb1zrngel4gv03lxh7togrmgw91frh8k.jpg\" alt=\"A\u00e7\u00facar VHP\">\n\t\t\t\t<\/div>\n\t\t\t\t\t\t\t<\/div>\n\t\t\t\t\n\t\t\n\t\t<div class=\"wpr-member-content\">\n\t\t\t<h3 class=\"wpr-member-name\">A\u00e7\u00facar VHP<\/h3>\n\t\t\t\n\t\t\t\t\t\t\t<div class=\"wpr-member-job\">Do campo para o mundo<\/div>\n\t\t\t\n\t\t\t\t\t\t\t<div class=\"wpr-member-divider\"><\/div>\n\t\t\t\n\t\t\t\t\t\t\t<div class=\"wpr-member-description\">Nosso a\u00e7\u00facar VHP, obtido pela cristaliza\u00e7\u00e3o da sacarose presente no caldo da cana, \u00e9 sin\u00f4nimo de qualidade e confiabilidade. Ele atravessa fronteiras, chegando a consumidores globais que valorizam produtos com padr\u00e3o internacional. Cada tonelada que sai de nossas unidades \u00e9 fruto de processos rigorosos e de um compromisso inabal\u00e1vel com a excel\u00eancia.<\/div>\n\t\t\t\t\t\t\n\t\t\t\t\t<\/div>\n\n\t\t\t<\/div>\n\n\t\t\t\t\t<\/div>\n\t\t\t\t<\/div>\n\t\t\t\t<\/div>\n\t\t<div class=\"elementor-element elementor-element-6b1ae57 e-con-full e-flex wpr-particle-no wpr-jarallax-no wpr-parallax-no wpr-sticky-section-no e-con e-child\" data-id=\"6b1ae57\" data-element_type=\"container\">\n\t\t\t\t<div class=\"elementor-element elementor-element-db21867 team-member wpr-team-member-divider-center wpr-team-member-social-media-center elementor-widget elementor-widget-wpr-team-member\" data-id=\"db21867\" data-element_type=\"widget\" data-widget_type=\"wpr-team-member.default\">\n\t\t\t\t<div class=\"elementor-widget-container\">\n\t\t\t\t\t\n\t<div class=\"wpr-team-member\">\n\t\t\t\t\t\n\t\t\t<div class=\"wpr-member-media\">\n\t\t\t\t<div class=\"wpr-member-image\">\n\t\t\t\t\t<img decoding=\"async\" src=\"https:\/\/novosite.aralco.com.br\/wp-content\/uploads\/elementor\/thumbs\/AdobeStock_461786294-rhdof0bc9z7s16afi8hj2xlogeazdo9p0uevn93bpg.jpeg\" alt=\"Etanol Hidratado\">\n\t\t\t\t<\/div>\n\t\t\t\t\t\t\t<\/div>\n\t\t\t\t\n\t\t\n\t\t<div class=\"wpr-member-content\">\n\t\t\t<h3 class=\"wpr-member-name\">Etanol Hidratado<\/h3>\n\t\t\t\n\t\t\t\t\t\t\t<div class=\"wpr-member-job\">Combust\u00edvel renov\u00e1vel do futuro<\/div>\n\t\t\t\n\t\t\t\t\t\t\t<div class=\"wpr-member-divider\"><\/div>\n\t\t\t\n\t\t\t\t\t\t\t<div class=\"wpr-member-description\">O etanol produzido pela fermenta\u00e7\u00e3o do caldo de cana \u00e9 a energia que move os autom\u00f3veis brasileiros. A produ\u00e7\u00e3o de etanol no Brasil atingiu 37 bilh\u00f5es de litros em 2024, marcando um crescimento de 4,2% em rela\u00e7\u00e3o ao ano anterior. Cada litro de etanol da Aralco representa inova\u00e7\u00e3o, sustentabilidade e uma contribui\u00e7\u00e3o real para a economia e o meio ambiente.<\/div>\n\t\t\t\t\t\t\n\t\t\t\t\t<\/div>\n\n\t\t\t<\/div>\n\n\t\t\t\t\t<\/div>\n\t\t\t\t<\/div>\n\t\t\t\t<\/div>\n\t\t\t\t<\/div>\n\t\t\t\t<\/div>\n\t\t\t\t\t<\/div>\n\t\t\t\t<\/div>\n\t\t<div class=\"elementor-element elementor-element-54f5d339 e-flex e-con-boxed wpr-particle-no wpr-jarallax-no wpr-parallax-no wpr-sticky-section-no e-con e-parent\" data-id=\"54f5d339\" data-element_type=\"container\" data-settings=\"{&quot;background_background&quot;:&quot;classic&quot;}\">\n\t\t\t\t\t<div class=\"e-con-inner\">\n\t\t\t\t<div class=\"elementor-element elementor-element-6eb95f42 elementor-widget elementor-widget-heading\" data-id=\"6eb95f42\" data-element_type=\"widget\" data-widget_type=\"heading.default\">\n\t\t\t\t<div class=\"elementor-widget-container\">\n\t\t\t\t\t<h2 class=\"elementor-heading-title elementor-size-default\">Do cultivo \u00e0 inova\u00e7\u00e3o<\/h2>\t\t\t\t<\/div>\n\t\t\t\t<\/div>\n\t\t\t\t<div class=\"elementor-element elementor-element-2fd51f54 elementor-invisible elementor-widget elementor-widget-text-editor\" data-id=\"2fd51f54\" data-element_type=\"widget\" data-settings=\"{&quot;_animation&quot;:&quot;zoomIn&quot;,&quot;_animation_delay&quot;:100}\" data-widget_type=\"text-editor.default\">\n\t\t\t\t<div class=\"elementor-widget-container\">\n\t\t\t\t\t\t\t\t\t<p>Tudo come\u00e7a no campo, com a cana-de-a\u00e7\u00facar cultivada com t\u00e9cnicas modernas e respons\u00e1veis. O caldo extra\u00eddo \u00e9 transformado em a\u00e7\u00facar ou fermentado em etanol, enquanto subprodutos como o mela\u00e7o ganham novas fun\u00e7\u00f5es, seja como combust\u00edvel, seja como alimento animal. \u00c9 um ciclo completo, que aproveita cada gr\u00e3o da mat\u00e9ria-prima e gera valor para toda a cadeia.<\/p>\t\t\t\t\t\t\t\t<\/div>\n\t\t\t\t<\/div>\n\t\t\t\t\t<\/div>\n\t\t\t\t<\/div>\n\t\t<div class=\"elementor-element elementor-element-70c9b60f e-flex e-con-boxed wpr-particle-no wpr-jarallax-no wpr-parallax-no wpr-sticky-section-no elementor-invisible e-con e-parent\" data-id=\"70c9b60f\" data-element_type=\"container\" data-settings=\"{&quot;animation&quot;:&quot;slideInUp&quot;}\">\n\t\t\t\t\t<div class=\"e-con-inner\">\n\t\t<div class=\"elementor-element elementor-element-66fda726 e-con-full e-flex wpr-particle-no wpr-jarallax-no wpr-parallax-no wpr-sticky-section-no e-con e-child\" data-id=\"66fda726\" data-element_type=\"container\" data-settings=\"{&quot;background_background&quot;:&quot;classic&quot;}\">\n\t\t<div class=\"elementor-element elementor-element-71cac3ac e-grid e-con-full wpr-particle-no wpr-jarallax-no wpr-parallax-no wpr-sticky-section-no e-con e-child\" data-id=\"71cac3ac\" data-element_type=\"container\">\n\t\t\t\t<div class=\"elementor-element elementor-element-71cbedbd elementor-widget elementor-widget-heading\" data-id=\"71cbedbd\" data-element_type=\"widget\" data-widget_type=\"heading.default\">\n\t\t\t\t<div class=\"elementor-widget-container\">\n\t\t\t\t\t<h2 class=\"elementor-heading-title elementor-size-default\">Sustentabilidade \ncomo ess\u00eancia<\/h2>\t\t\t\t<\/div>\n\t\t\t\t<\/div>\n\t\t\t\t<div class=\"elementor-element elementor-element-505c4324 elementor-widget elementor-widget-text-editor\" data-id=\"505c4324\" data-element_type=\"widget\" data-widget_type=\"text-editor.default\">\n\t\t\t\t<div class=\"elementor-widget-container\">\n\t\t\t\t\t\t\t\t\t<p>Preservar o meio ambiente, cuidar das comunidades e investir em pr\u00e1ticas sustent\u00e1veis n\u00e3o \u00e9 apenas uma responsabilidade: \u00e9 nossa ess\u00eancia. Cada decis\u00e3o na Aralco considera o futuro do planeta, o bem-estar das pessoas e o desenvolvimento do Brasil como um todo.<\/p>\t\t\t\t\t\t\t\t<\/div>\n\t\t\t\t<\/div>\n\t\t\t\t<\/div>\n\t\t\t\t<\/div>\n\t\t\t\t\t<\/div>\n\t\t\t\t<\/div>\n\t\t\t\t<\/div>\n\t\t\n    <div class=\"xs_social_share_widget xs_share_url after_content \t\tmain_content  wslu-style-1 wslu-share-box-shaped wslu-fill-colored wslu-none wslu-share-horizontal wslu-theme-font-no wslu-main_content\">\n\n\t\t\n        <ul>\n\t\t\t        <\/ul>\n    <\/div> \n","protected":false},"excerpt":{"rendered":"<p>Do campo \u00e0 ind\u00fastria, transformando cana em valor A\u00e7\u00facar &amp; Etanol Energia que transforma o Brasil No cora\u00e7\u00e3o do Brasil, o Grupo Aralco transforma a cana-de-a\u00e7\u00facar em energia, alimento e oportunidades. Com unidades estrategicamente localizadas em Ara\u00e7atuba, Santo Ant\u00f4nio do Aracangu\u00e1, General Salgado e Buritama, produzimos a\u00e7\u00facar e etanol de forma sustent\u00e1vel, eficiente e alinhada \u00e0s demandas do mercado nacional e internacional. A\u00e7\u00facar VHP Do campo para o mundo Nosso a\u00e7\u00facar VHP, obtido pela cristaliza\u00e7\u00e3o da sacarose presente no caldo da cana, \u00e9 sin\u00f4nimo de qualidade e confiabilidade. Ele atravessa fronteiras, chegando a consumidores globais que valorizam produtos com padr\u00e3o internacional. Cada tonelada que sai de nossas unidades \u00e9 fruto de processos rigorosos e de um compromisso inabal\u00e1vel com a excel\u00eancia. Etanol Hidratado Combust\u00edvel renov\u00e1vel do futuro O etanol produzido pela fermenta\u00e7\u00e3o do caldo de cana \u00e9 a energia que move os autom\u00f3veis brasileiros. A produ\u00e7\u00e3o de etanol no Brasil atingiu 37 bilh\u00f5es de litros em 2024, marcando um crescimento de 4,2% em rela\u00e7\u00e3o ao ano anterior. Cada litro de etanol da Aralco representa inova\u00e7\u00e3o, sustentabilidade e uma contribui\u00e7\u00e3o real para a economia e o meio ambiente. Do cultivo \u00e0 inova\u00e7\u00e3o Tudo come\u00e7a no campo, com a cana-de-a\u00e7\u00facar cultivada com t\u00e9cnicas modernas e respons\u00e1veis. O caldo extra\u00eddo \u00e9 transformado em a\u00e7\u00facar ou fermentado em etanol, enquanto subprodutos como o mela\u00e7o ganham novas fun\u00e7\u00f5es, seja como combust\u00edvel, seja como alimento animal. \u00c9 um ciclo completo, que aproveita cada gr\u00e3o da mat\u00e9ria-prima e gera valor para toda a cadeia. Sustentabilidade como ess\u00eancia Preservar o meio ambiente, cuidar das comunidades e investir em pr\u00e1ticas sustent\u00e1veis n\u00e3o \u00e9 apenas uma responsabilidade: \u00e9 nossa ess\u00eancia. Cada decis\u00e3o na Aralco considera o futuro do planeta, o bem-estar das pessoas e o desenvolvimento do Brasil como um todo.<\/p>\n","protected":false},"author":1,"featured_media":0,"parent":0,"menu_order":0,"comment_status":"closed","ping_status":"closed","template":"elementor_header_footer","meta":{"postBodyCss":"","postBodyMargin":[],"postBodyPadding":[],"postBodyBackground":{"backgroundType":"classic","gradient":""},"site-sidebar-layout":"no-sidebar","site-content-layout":"","ast-site-content-layout":"full-width-container","site-content-style":"default","site-sidebar-style":"default","ast-global-header-display":"","ast-banner-title-visibility":"","ast-main-header-display":"","ast-hfb-above-header-display":"","ast-hfb-below-header-display":"","ast-hfb-mobile-header-display":"","site-post-title":"","ast-breadcrumbs-content":"","ast-featured-img":"disabled","footer-sml-layout":"","theme-transparent-header-meta":"","adv-header-id-meta":"","stick-header-meta":"","header-above-stick-meta":"","header-main-stick-meta":"","header-below-stick-meta":"","astra-migrate-meta-layouts":"default","ast-page-background-enabled":"default","ast-page-background-meta":{"desktop":{"background-color":"var(--ast-global-color-5)","background-image":"","background-repeat":"repeat","background-position":"center center","background-size":"auto","background-attachment":"scroll","background-type":"","background-media":"","overlay-type":"","overlay-color":"","overlay-opacity":"","overlay-gradient":""},"tablet":{"background-color":"","background-image":"","background-repeat":"repeat","background-position":"center center","background-size":"auto","background-attachment":"scroll","background-type":"","background-media":"","overlay-type":"","overlay-color":"","overlay-opacity":"","overlay-gradient":""},"mobile":{"background-color":"","background-image":"","background-repeat":"repeat","background-position":"center center","background-size":"auto","background-attachment":"scroll","background-type":"","background-media":"","overlay-type":"","overlay-color":"","overlay-opacity":"","overlay-gradient":""}},"ast-content-background-meta":{"desktop":{"background-color":"var(--ast-global-color-4)","background-image":"","background-repeat":"repeat","background-position":"center center","background-size":"auto","background-attachment":"scroll","background-type":"","background-media":"","overlay-type":"","overlay-color":"","overlay-opacity":"","overlay-gradient":""},"tablet":{"background-color":"var(--ast-global-color-4)","background-image":"","background-repeat":"repeat","background-position":"center center","background-size":"auto","background-attachment":"scroll","background-type":"","background-media":"","overlay-type":"","overlay-color":"","overlay-opacity":"","overlay-gradient":""},"mobile":{"background-color":"var(--ast-global-color-4)","background-image":"","background-repeat":"repeat","background-position":"center center","background-size":"auto","background-attachment":"scroll","background-type":"","background-media":"","overlay-type":"","overlay-color":"","overlay-opacity":"","overlay-gradient":""}},"footnotes":""},"class_list":["post-70","page","type-page","status-publish","hentry"],"_links":{"self":[{"href":"https:\/\/novosite.aralco.com.br\/index.php?rest_route=\/wp\/v2\/pages\/70","targetHints":{"allow":["GET"]}}],"collection":[{"href":"https:\/\/novosite.aralco.com.br\/index.php?rest_route=\/wp\/v2\/pages"}],"about":[{"href":"https:\/\/novosite.aralco.com.br\/index.php?rest_route=\/wp\/v2\/types\/page"}],"author":[{"embeddable":true,"href":"https:\/\/novosite.aralco.com.br\/index.php?rest_route=\/wp\/v2\/users\/1"}],"replies":[{"embeddable":true,"href":"https:\/\/novosite.aralco.com.br\/index.php?rest_route=%2Fwp%2Fv2%2Fcomments&post=70"}],"version-history":[{"count":64,"href":"https:\/\/novosite.aralco.com.br\/index.php?rest_route=\/wp\/v2\/pages\/70\/revisions"}],"predecessor-version":[{"id":4468,"href":"https:\/\/novosite.aralco.com.br\/index.php?rest_route=\/wp\/v2\/pages\/70\/revisions\/4468"}],"wp:attachment":[{"href":"https:\/\/novosite.aralco.com.br\/index.php?rest_route=%2Fwp%2Fv2%2Fmedia&parent=70"}],"curies":[{"name":"wp","href":"https:\/\/api.w.org\/{rel}","templated":true}]}}