{"id":91,"date":"2025-11-19T05:25:50","date_gmt":"2025-11-19T05:25:50","guid":{"rendered":"https:\/\/novosite.aralco.com.br\/?page_id=91"},"modified":"2026-02-09T04:49:32","modified_gmt":"2026-02-09T07:49:32","slug":"programa-5s","status":"publish","type":"page","link":"https:\/\/novosite.aralco.com.br\/?page_id=91","title":{"rendered":"Programa 5S"},"content":{"rendered":"\t\t<div data-elementor-type=\"wp-page\" data-elementor-id=\"91\" class=\"elementor elementor-91\">\n\t\t\t\t<div class=\"elementor-element elementor-element-4e40bdfd0 e-flex e-con-boxed wpr-particle-no wpr-jarallax-no wpr-parallax-no wpr-sticky-section-no e-con e-parent\" data-id=\"4e40bdfd0\" data-element_type=\"container\" data-settings=\"{&quot;background_background&quot;:&quot;classic&quot;}\">\n\t\t\t\t\t<div class=\"e-con-inner\">\n\t\t\t\t<div class=\"elementor-element elementor-element-338bab87 elementor-widget elementor-widget-heading\" data-id=\"338bab87\" data-element_type=\"widget\" data-widget_type=\"heading.default\">\n\t\t\t\t<div class=\"elementor-widget-container\">\n\t\t\t\t\t<h2 class=\"elementor-heading-title elementor-size-default\">Pequenas atitudes, grandes impactos<\/h2>\t\t\t\t<\/div>\n\t\t\t\t<\/div>\n\t\t\t\t\t<\/div>\n\t\t\t\t<\/div>\n\t\t<div class=\"elementor-element elementor-element-4b34844 e-flex e-con-boxed wpr-particle-no wpr-jarallax-no wpr-parallax-no wpr-sticky-section-no e-con e-parent\" data-id=\"4b34844\" data-element_type=\"container\">\n\t\t\t\t\t<div class=\"e-con-inner\">\n\t\t\t\t<div class=\"elementor-element elementor-element-96be418 elementor-widget elementor-widget-image\" data-id=\"96be418\" data-element_type=\"widget\" data-widget_type=\"image.default\">\n\t\t\t\t<div class=\"elementor-widget-container\">\n\t\t\t\t\t\t\t\t\t\t\t\t\t\t\t<img fetchpriority=\"high\" decoding=\"async\" width=\"1536\" height=\"197\" src=\"https:\/\/novosite.aralco.com.br\/wp-content\/uploads\/2026\/02\/5S-nomes-1536x197.png\" class=\"attachment-1536x1536 size-1536x1536 wp-image-4454\" alt=\"\" srcset=\"https:\/\/novosite.aralco.com.br\/wp-content\/uploads\/2026\/02\/5S-nomes-1536x197.png 1536w, https:\/\/novosite.aralco.com.br\/wp-content\/uploads\/2026\/02\/5S-nomes-300x39.png 300w, https:\/\/novosite.aralco.com.br\/wp-content\/uploads\/2026\/02\/5S-nomes-1024x132.png 1024w, https:\/\/novosite.aralco.com.br\/wp-content\/uploads\/2026\/02\/5S-nomes-768x99.png 768w, https:\/\/novosite.aralco.com.br\/wp-content\/uploads\/2026\/02\/5S-nomes-2048x263.png 2048w\" sizes=\"(max-width: 1536px) 100vw, 1536px\" \/>\t\t\t\t\t\t\t\t\t\t\t\t\t\t\t<\/div>\n\t\t\t\t<\/div>\n\t\t\t\t\t<\/div>\n\t\t\t\t<\/div>\n\t\t<div class=\"elementor-element elementor-element-44c9fcc0 e-flex e-con-boxed wpr-particle-no wpr-jarallax-no wpr-parallax-no wpr-sticky-section-no e-con e-parent\" data-id=\"44c9fcc0\" data-element_type=\"container\">\n\t\t\t\t\t<div class=\"e-con-inner\">\n\t\t<div class=\"elementor-element elementor-element-5841830c e-flex e-con-boxed wpr-particle-no wpr-jarallax-no wpr-parallax-no wpr-sticky-section-no elementor-invisible e-con e-child\" data-id=\"5841830c\" data-element_type=\"container\" data-settings=\"{&quot;animation&quot;:&quot;slideInLeft&quot;}\">\n\t\t\t\t\t<div class=\"e-con-inner\">\n\t\t\t\t<div class=\"elementor-element elementor-element-606da896 elementor-widget elementor-widget-image\" data-id=\"606da896\" data-element_type=\"widget\" data-widget_type=\"image.default\">\n\t\t\t\t<div class=\"elementor-widget-container\">\n\t\t\t\t\t\t\t\t\t\t\t\t\t\t\t<img decoding=\"async\" width=\"1024\" height=\"1006\" src=\"https:\/\/novosite.aralco.com.br\/wp-content\/uploads\/2026\/01\/5s-02-1024x1006.png\" class=\"attachment-large size-large wp-image-3129\" alt=\"\" srcset=\"https:\/\/novosite.aralco.com.br\/wp-content\/uploads\/2026\/01\/5s-02-1024x1006.png 1024w, https:\/\/novosite.aralco.com.br\/wp-content\/uploads\/2026\/01\/5s-02-300x295.png 300w, https:\/\/novosite.aralco.com.br\/wp-content\/uploads\/2026\/01\/5s-02-768x755.png 768w, https:\/\/novosite.aralco.com.br\/wp-content\/uploads\/2026\/01\/5s-02.png 1312w\" sizes=\"(max-width: 1024px) 100vw, 1024px\" \/>\t\t\t\t\t\t\t\t\t\t\t\t\t\t\t<\/div>\n\t\t\t\t<\/div>\n\t\t\t\t\t<\/div>\n\t\t\t\t<\/div>\n\t\t<div class=\"elementor-element elementor-element-407d491 e-con-full e-transform e-flex wpr-particle-no wpr-jarallax-no wpr-parallax-no wpr-sticky-section-no elementor-invisible e-con e-child\" data-id=\"407d491\" data-element_type=\"container\" data-settings=\"{&quot;animation&quot;:&quot;slideInRight&quot;,&quot;_transform_scale_effect&quot;:{&quot;unit&quot;:&quot;px&quot;,&quot;size&quot;:&quot;&quot;,&quot;sizes&quot;:[]},&quot;_transform_scale_effect_tablet&quot;:{&quot;unit&quot;:&quot;px&quot;,&quot;size&quot;:&quot;&quot;,&quot;sizes&quot;:[]},&quot;_transform_scale_effect_mobile&quot;:{&quot;unit&quot;:&quot;px&quot;,&quot;size&quot;:&quot;&quot;,&quot;sizes&quot;:[]}}\">\n\t\t\t\t<div class=\"elementor-element elementor-element-1af3d8a elementor-widget elementor-widget-text-editor\" data-id=\"1af3d8a\" data-element_type=\"widget\" data-widget_type=\"text-editor.default\">\n\t\t\t\t<div class=\"elementor-widget-container\">\n\t\t\t\t\t\t\t\t\t<p><strong>Programa 5S<\/strong><\/p>\t\t\t\t\t\t\t\t<\/div>\n\t\t\t\t<\/div>\n\t\t\t\t<div class=\"elementor-element elementor-element-29f45fd elementor-widget elementor-widget-text-editor\" data-id=\"29f45fd\" data-element_type=\"widget\" data-widget_type=\"text-editor.default\">\n\t\t\t\t<div class=\"elementor-widget-container\">\n\t\t\t\t\t\t\t\t\t<p>Mais do que um m\u00e9todo de organiza\u00e7\u00e3o, o <strong>Programa 5S<\/strong> \u00e9 um movimento cont\u00ednuo de melhoria, cuidado e colabora\u00e7\u00e3o dentro do Grupo Aralco.<br \/>A <strong>Maratona 5S<\/strong>, realizada anualmente, tem como prop\u00f3sito fortalecer a cultura da disciplina, da efici\u00eancia e do respeito aos espa\u00e7os coletivos, com a\u00e7\u00f5es pr\u00e1ticas promovidas pelos setores da empresa e acompanhadas por auditorias peri\u00f3dicas.<\/p><p>Desde sua implementa\u00e7\u00e3o, o programa vem conquistando resultados expressivos \u2014 como a redu\u00e7\u00e3o de desperd\u00edcios, melhor aproveitamento dos espa\u00e7os, aumento da seguran\u00e7a e maior agilidade nos processos.<br \/>O engajamento dos profissionais \u00e9 um dos grandes diferenciais, tornando o 5S parte viva da cultura Aralco.<\/p>\t\t\t\t\t\t\t\t<\/div>\n\t\t\t\t<\/div>\n\t\t\t\t<\/div>\n\t\t\t\t\t<\/div>\n\t\t\t\t<\/div>\n\t\t<div class=\"elementor-element elementor-element-2d0e061 e-flex e-con-boxed wpr-particle-no wpr-jarallax-no wpr-parallax-no wpr-sticky-section-no e-con e-parent\" data-id=\"2d0e061\" data-element_type=\"container\">\n\t\t\t\t\t<div class=\"e-con-inner\">\n\t\t<div class=\"elementor-element elementor-element-a9eb1ae e-con-full e-flex wpr-particle-no wpr-jarallax-no wpr-parallax-no wpr-sticky-section-no elementor-invisible e-con e-child\" data-id=\"a9eb1ae\" data-element_type=\"container\" data-settings=\"{&quot;animation&quot;:&quot;slideInRight&quot;}\">\n\t\t\t\t<div class=\"elementor-element elementor-element-5d9e93e elementor-widget elementor-widget-text-editor\" data-id=\"5d9e93e\" data-element_type=\"widget\" data-widget_type=\"text-editor.default\">\n\t\t\t\t<div class=\"elementor-widget-container\">\n\t\t\t\t\t\t\t\t\t<p>Na <strong>Safra 2024\/2025<\/strong>, a Maratona percorreu toda a safra com o objetivo de intensificar os princ\u00edpios do programa e ampliar seu impacto positivo dentro e fora da empresa. Al\u00e9m de promover ambientes mais produtivos e organizados, o 5S tamb\u00e9m inspira a\u00e7\u00f5es solid\u00e1rias e sustent\u00e1veis que envolvem toda a comunidade.<\/p><p>Todos os anos, o Programa 5S realiza campanhas de grande impacto, unindo <strong>prop\u00f3sito, solidariedade e engajamento<\/strong>. S\u00e3o a\u00e7\u00f5es que v\u00e3o desde a doa\u00e7\u00e3o de <strong>roupas, cestas b\u00e1sicas, brinquedos, leite e absorventes<\/strong>, at\u00e9 iniciativas como a <strong>doa\u00e7\u00e3o de sangue, apoio a abrigos de animais<\/strong> e interven\u00e7\u00f5es em situa\u00e7\u00f5es de emerg\u00eancia, como a campanha de <strong>Roupas, \u00c1gua e Cestas B\u00e1sicas para fam\u00edlias em vulnerabilidade no Rio Grande do Sul<\/strong>. O Programa 5S da Aralco \u00e9 <strong>din\u00e2mico, vivo e sempre direcionado a transformar a vida das pessoas e fortalecer as comunidades<\/strong>.<\/p>\t\t\t\t\t\t\t\t<\/div>\n\t\t\t\t<\/div>\n\t\t\t\t<\/div>\n\t\t\t\t\t<\/div>\n\t\t\t\t<\/div>\n\t\t\t\t<section class=\"elementor-section elementor-top-section elementor-element elementor-element-7c3a4afa elementor-section-full_width elementor-section-height-default elementor-section-height-default wpr-particle-no wpr-jarallax-no wpr-parallax-no wpr-sticky-section-no\" data-id=\"7c3a4afa\" data-element_type=\"section\" data-settings=\"{&quot;background_background&quot;:&quot;classic&quot;}\">\n\t\t\t\t\t\t\t<div class=\"elementor-background-overlay\"><\/div>\n\t\t\t\t\t\t\t<div class=\"elementor-container elementor-column-gap-default\">\n\t\t\t\t\t<div class=\"elementor-column elementor-col-50 elementor-top-column elementor-element elementor-element-48f6c02b\" data-id=\"48f6c02b\" data-element_type=\"column\">\n\t\t\t<div class=\"elementor-widget-wrap elementor-element-populated\">\n\t\t\t\t\t\t<div class=\"elementor-element elementor-element-336b63a2 elementor-widget__width-initial elementor-invisible elementor-widget elementor-widget-counter\" data-id=\"336b63a2\" data-element_type=\"widget\" data-settings=\"{&quot;_animation&quot;:&quot;slideInUp&quot;}\" data-widget_type=\"counter.default\">\n\t\t\t\t<div class=\"elementor-widget-container\">\n\t\t\t\t\t\t\t<div class=\"elementor-counter\">\n\t\t\t<div class=\"elementor-counter-title\">pessoas impactadas (ano)<\/div>\t\t\t<div class=\"elementor-counter-number-wrapper\">\n\t\t\t\t<span class=\"elementor-counter-number-prefix\">+<\/span>\n\t\t\t\t<span class=\"elementor-counter-number\" data-duration=\"2000\" data-to-value=\"250\" data-from-value=\"1\" data-delimiter=\",\">1<\/span>\n\t\t\t\t<span class=\"elementor-counter-number-suffix\"><\/span>\n\t\t\t<\/div>\n\t\t<\/div>\n\t\t\t\t\t\t<\/div>\n\t\t\t\t<\/div>\n\t\t\t\t\t<\/div>\n\t\t<\/div>\n\t\t\t\t<div class=\"elementor-column elementor-col-50 elementor-top-column elementor-element elementor-element-744886e4\" data-id=\"744886e4\" data-element_type=\"column\">\n\t\t\t<div class=\"elementor-widget-wrap elementor-element-populated\">\n\t\t\t\t\t\t<div class=\"elementor-element elementor-element-24ee62b1 elementor-widget__width-initial elementor-invisible elementor-widget elementor-widget-counter\" data-id=\"24ee62b1\" data-element_type=\"widget\" data-settings=\"{&quot;_animation&quot;:&quot;slideInUp&quot;,&quot;_animation_delay&quot;:100}\" data-widget_type=\"counter.default\">\n\t\t\t\t<div class=\"elementor-widget-container\">\n\t\t\t\t\t\t\t<div class=\"elementor-counter\">\n\t\t\t<div class=\"elementor-counter-title\">estabelecimentos beneficiados <\/div>\t\t\t<div class=\"elementor-counter-number-wrapper\">\n\t\t\t\t<span class=\"elementor-counter-number-prefix\">+<\/span>\n\t\t\t\t<span class=\"elementor-counter-number\" data-duration=\"2000\" data-to-value=\"3\" data-from-value=\"0\" data-delimiter=\",\">0<\/span>\n\t\t\t\t<span class=\"elementor-counter-number-suffix\">0<\/span>\n\t\t\t<\/div>\n\t\t<\/div>\n\t\t\t\t\t\t<\/div>\n\t\t\t\t<\/div>\n\t\t\t\t\t<\/div>\n\t\t<\/div>\n\t\t\t\t\t<\/div>\n\t\t<\/section>\n\t\t\t\t<\/div>\n\t\t\n    <div class=\"xs_social_share_widget xs_share_url after_content \t\tmain_content  wslu-style-1 wslu-share-box-shaped wslu-fill-colored wslu-none wslu-share-horizontal wslu-theme-font-no wslu-main_content\">\n\n\t\t\n        <ul>\n\t\t\t        <\/ul>\n    <\/div> \n","protected":false},"excerpt":{"rendered":"<p>Pequenas atitudes, grandes impactos Programa 5S Mais do que um m\u00e9todo de organiza\u00e7\u00e3o, o Programa 5S \u00e9 um movimento cont\u00ednuo de melhoria, cuidado e colabora\u00e7\u00e3o dentro do Grupo Aralco.A Maratona 5S, realizada anualmente, tem como prop\u00f3sito fortalecer a cultura da disciplina, da efici\u00eancia e do respeito aos espa\u00e7os coletivos, com a\u00e7\u00f5es pr\u00e1ticas promovidas pelos setores da empresa e acompanhadas por auditorias peri\u00f3dicas. Desde sua implementa\u00e7\u00e3o, o programa vem conquistando resultados expressivos \u2014 como a redu\u00e7\u00e3o de desperd\u00edcios, melhor aproveitamento dos espa\u00e7os, aumento da seguran\u00e7a e maior agilidade nos processos.O engajamento dos profissionais \u00e9 um dos grandes diferenciais, tornando o 5S parte viva da cultura Aralco. Na Safra 2024\/2025, a Maratona percorreu toda a safra com o objetivo de intensificar os princ\u00edpios do programa e ampliar seu impacto positivo dentro e fora da empresa. Al\u00e9m de promover ambientes mais produtivos e organizados, o 5S tamb\u00e9m inspira a\u00e7\u00f5es solid\u00e1rias e sustent\u00e1veis que envolvem toda a comunidade. Todos os anos, o Programa 5S realiza campanhas de grande impacto, unindo prop\u00f3sito, solidariedade e engajamento. S\u00e3o a\u00e7\u00f5es que v\u00e3o desde a doa\u00e7\u00e3o de roupas, cestas b\u00e1sicas, brinquedos, leite e absorventes, at\u00e9 iniciativas como a doa\u00e7\u00e3o de sangue, apoio a abrigos de animais e interven\u00e7\u00f5es em situa\u00e7\u00f5es de emerg\u00eancia, como a campanha de Roupas, \u00c1gua e Cestas B\u00e1sicas para fam\u00edlias em vulnerabilidade no Rio Grande do Sul. O Programa 5S da Aralco \u00e9 din\u00e2mico, vivo e sempre direcionado a transformar a vida das pessoas e fortalecer as comunidades. pessoas impactadas (ano) + 1 estabelecimentos beneficiados + 0 0<\/p>\n","protected":false},"author":1,"featured_media":0,"parent":0,"menu_order":0,"comment_status":"closed","ping_status":"closed","template":"elementor_header_footer","meta":{"postBodyCss":"","postBodyMargin":[],"postBodyPadding":[],"postBodyBackground":{"backgroundType":"classic","gradient":""},"site-sidebar-layout":"no-sidebar","site-content-layout":"","ast-site-content-layout":"full-width-container","site-content-style":"default","site-sidebar-style":"default","ast-global-header-display":"","ast-banner-title-visibility":"","ast-main-header-display":"","ast-hfb-above-header-display":"","ast-hfb-below-header-display":"","ast-hfb-mobile-header-display":"","site-post-title":"disabled","ast-breadcrumbs-content":"","ast-featured-img":"disabled","footer-sml-layout":"","theme-transparent-header-meta":"","adv-header-id-meta":"","stick-header-meta":"","header-above-stick-meta":"","header-main-stick-meta":"","header-below-stick-meta":"","astra-migrate-meta-layouts":"default","ast-page-background-enabled":"default","ast-page-background-meta":{"desktop":{"background-color":"var(--ast-global-color-5)","background-image":"","background-repeat":"repeat","background-position":"center center","background-size":"auto","background-attachment":"scroll","background-type":"","background-media":"","overlay-type":"","overlay-color":"","overlay-opacity":"","overlay-gradient":""},"tablet":{"background-color":"","background-image":"","background-repeat":"repeat","background-position":"center center","background-size":"auto","background-attachment":"scroll","background-type":"","background-media":"","overlay-type":"","overlay-color":"","overlay-opacity":"","overlay-gradient":""},"mobile":{"background-color":"","background-image":"","background-repeat":"repeat","background-position":"center center","background-size":"auto","background-attachment":"scroll","background-type":"","background-media":"","overlay-type":"","overlay-color":"","overlay-opacity":"","overlay-gradient":""}},"ast-content-background-meta":{"desktop":{"background-color":"var(--ast-global-color-4)","background-image":"","background-repeat":"repeat","background-position":"center center","background-size":"auto","background-attachment":"scroll","background-type":"","background-media":"","overlay-type":"","overlay-color":"","overlay-opacity":"","overlay-gradient":""},"tablet":{"background-color":"var(--ast-global-color-4)","background-image":"","background-repeat":"repeat","background-position":"center center","background-size":"auto","background-attachment":"scroll","background-type":"","background-media":"","overlay-type":"","overlay-color":"","overlay-opacity":"","overlay-gradient":""},"mobile":{"background-color":"var(--ast-global-color-4)","background-image":"","background-repeat":"repeat","background-position":"center center","background-size":"auto","background-attachment":"scroll","background-type":"","background-media":"","overlay-type":"","overlay-color":"","overlay-opacity":"","overlay-gradient":""}},"footnotes":""},"class_list":["post-91","page","type-page","status-publish","hentry"],"_links":{"self":[{"href":"https:\/\/novosite.aralco.com.br\/index.php?rest_route=\/wp\/v2\/pages\/91","targetHints":{"allow":["GET"]}}],"collection":[{"href":"https:\/\/novosite.aralco.com.br\/index.php?rest_route=\/wp\/v2\/pages"}],"about":[{"href":"https:\/\/novosite.aralco.com.br\/index.php?rest_route=\/wp\/v2\/types\/page"}],"author":[{"embeddable":true,"href":"https:\/\/novosite.aralco.com.br\/index.php?rest_route=\/wp\/v2\/users\/1"}],"replies":[{"embeddable":true,"href":"https:\/\/novosite.aralco.com.br\/index.php?rest_route=%2Fwp%2Fv2%2Fcomments&post=91"}],"version-history":[{"count":46,"href":"https:\/\/novosite.aralco.com.br\/index.php?rest_route=\/wp\/v2\/pages\/91\/revisions"}],"predecessor-version":[{"id":4511,"href":"https:\/\/novosite.aralco.com.br\/index.php?rest_route=\/wp\/v2\/pages\/91\/revisions\/4511"}],"wp:attachment":[{"href":"https:\/\/novosite.aralco.com.br\/index.php?rest_route=%2Fwp%2Fv2%2Fmedia&parent=91"}],"curies":[{"name":"wp","href":"https:\/\/api.w.org\/{rel}","templated":true}]}}