{"id":94,"date":"2025-11-19T05:25:57","date_gmt":"2025-11-19T05:25:57","guid":{"rendered":"https:\/\/novosite.aralco.com.br\/?page_id=94"},"modified":"2026-02-09T04:47:14","modified_gmt":"2026-02-09T07:47:14","slug":"pessoas-nosso-combustivel","status":"publish","type":"page","link":"https:\/\/novosite.aralco.com.br\/?page_id=94","title":{"rendered":"Pessoas, nosso Combust\u00edvel"},"content":{"rendered":"\t\t<div data-elementor-type=\"wp-page\" data-elementor-id=\"94\" class=\"elementor elementor-94\">\n\t\t\t\t<div class=\"elementor-element elementor-element-1b8599480 e-flex e-con-boxed wpr-particle-no wpr-jarallax-no wpr-parallax-no wpr-sticky-section-no e-con e-parent\" data-id=\"1b8599480\" data-element_type=\"container\" data-settings=\"{&quot;background_background&quot;:&quot;classic&quot;}\">\n\t\t\t\t\t<div class=\"e-con-inner\">\n\t\t\t\t<div class=\"elementor-element elementor-element-63103110 elementor-widget elementor-widget-heading\" data-id=\"63103110\" data-element_type=\"widget\" data-widget_type=\"heading.default\">\n\t\t\t\t<div class=\"elementor-widget-container\">\n\t\t\t\t\t<h2 class=\"elementor-heading-title elementor-size-default\">Pessoas, nosso combust\u00edvel!<\/h2>\t\t\t\t<\/div>\n\t\t\t\t<\/div>\n\t\t\t\t\t<\/div>\n\t\t\t\t<\/div>\n\t\t<div class=\"elementor-element elementor-element-7e4fda33 e-flex e-con-boxed wpr-particle-no wpr-jarallax-no wpr-parallax-no wpr-sticky-section-no e-con e-parent\" data-id=\"7e4fda33\" data-element_type=\"container\">\n\t\t\t\t\t<div class=\"e-con-inner\">\n\t\t<div class=\"elementor-element elementor-element-34fe4ddc e-flex e-con-boxed wpr-particle-no wpr-jarallax-no wpr-parallax-no wpr-sticky-section-no elementor-invisible e-con e-child\" data-id=\"34fe4ddc\" data-element_type=\"container\" data-settings=\"{&quot;animation&quot;:&quot;slideInLeft&quot;}\">\n\t\t\t\t\t<div class=\"e-con-inner\">\n\t\t\t\t<div class=\"elementor-element elementor-element-43d20cc1 elementor-widget elementor-widget-image\" data-id=\"43d20cc1\" data-element_type=\"widget\" data-widget_type=\"image.default\">\n\t\t\t\t<div class=\"elementor-widget-container\">\n\t\t\t\t\t\t\t\t\t\t\t\t\t\t\t<img fetchpriority=\"high\" decoding=\"async\" width=\"1024\" height=\"683\" src=\"https:\/\/novosite.aralco.com.br\/wp-content\/uploads\/2026\/01\/Pessoas-nosso-combustivel-02-1024x683.png\" class=\"attachment-large size-large wp-image-2445\" alt=\"\" srcset=\"https:\/\/novosite.aralco.com.br\/wp-content\/uploads\/2026\/01\/Pessoas-nosso-combustivel-02-1024x683.png 1024w, https:\/\/novosite.aralco.com.br\/wp-content\/uploads\/2026\/01\/Pessoas-nosso-combustivel-02-300x200.png 300w, https:\/\/novosite.aralco.com.br\/wp-content\/uploads\/2026\/01\/Pessoas-nosso-combustivel-02-768x512.png 768w, https:\/\/novosite.aralco.com.br\/wp-content\/uploads\/2026\/01\/Pessoas-nosso-combustivel-02-1536x1024.png 1536w, https:\/\/novosite.aralco.com.br\/wp-content\/uploads\/2026\/01\/Pessoas-nosso-combustivel-02-2048x1366.png 2048w\" sizes=\"(max-width: 1024px) 100vw, 1024px\" \/>\t\t\t\t\t\t\t\t\t\t\t\t\t\t\t<\/div>\n\t\t\t\t<\/div>\n\t\t\t\t\t<\/div>\n\t\t\t\t<\/div>\n\t\t<div class=\"elementor-element elementor-element-662e826b e-con-full e-flex wpr-particle-no wpr-jarallax-no wpr-parallax-no wpr-sticky-section-no elementor-invisible e-con e-child\" data-id=\"662e826b\" data-element_type=\"container\" data-settings=\"{&quot;animation&quot;:&quot;slideInRight&quot;,&quot;animation_delay&quot;:100}\">\n\t\t\t\t<div class=\"elementor-element elementor-element-2f4ec6a1 elementor-widget__width-initial elementor-widget elementor-widget-text-editor\" data-id=\"2f4ec6a1\" data-element_type=\"widget\" data-widget_type=\"text-editor.default\">\n\t\t\t\t<div class=\"elementor-widget-container\">\n\t\t\t\t\t\t\t\t\t<p><strong>Pessoas s\u00e3o o maior combust\u00edvel<\/strong> que move nossa hist\u00f3ria, nossa produ\u00e7\u00e3o e nosso crescimento. Cada profissional \u00e9 protagonista do sucesso da empresa, e investir em seu desenvolvimento \u00e9 parte central da nossa estrat\u00e9gia.<\/p>\t\t\t\t\t\t\t\t<\/div>\n\t\t\t\t<\/div>\n\t\t\t\t<\/div>\n\t\t\t\t\t<\/div>\n\t\t\t\t<\/div>\n\t\t<div class=\"elementor-element elementor-element-58134022 e-flex e-con-boxed wpr-particle-no wpr-jarallax-no wpr-parallax-no wpr-sticky-section-no e-con e-parent\" data-id=\"58134022\" data-element_type=\"container\">\n\t\t\t\t\t<div class=\"e-con-inner\">\n\t\t<div class=\"elementor-element elementor-element-6adc21c6 e-flex e-con-boxed wpr-particle-no wpr-jarallax-no wpr-parallax-no wpr-sticky-section-no elementor-invisible e-con e-child\" data-id=\"6adc21c6\" data-element_type=\"container\" data-settings=\"{&quot;animation&quot;:&quot;slideInLeft&quot;,&quot;animation_delay&quot;:200}\">\n\t\t\t\t\t<div class=\"e-con-inner\">\n\t\t\t\t<div class=\"elementor-element elementor-element-2b117b8c elementor-widget elementor-widget-heading\" data-id=\"2b117b8c\" data-element_type=\"widget\" data-widget_type=\"heading.default\">\n\t\t\t\t<div class=\"elementor-widget-container\">\n\t\t\t\t\t<h2 class=\"elementor-heading-title elementor-size-default\">Diversidade e Inclus\u00e3o<\/h2>\t\t\t\t<\/div>\n\t\t\t\t<\/div>\n\t\t\t\t<div class=\"elementor-element elementor-element-115f6eec elementor-widget elementor-widget-text-editor\" data-id=\"115f6eec\" data-element_type=\"widget\" data-widget_type=\"text-editor.default\">\n\t\t\t\t<div class=\"elementor-widget-container\">\n\t\t\t\t\t\t\t\t\t<p><strong>Diversidade e inclus\u00e3o s\u00e3o pr\u00e1ticas vivas<\/strong>, que fortalecem um ambiente mais humano, justo e representativo. Valorizamos a presen\u00e7a feminina em todas as \u00e1reas da empresa, com a\u00e7\u00f5es como <strong>Outubro Rosa, Dia Internacional da Mulher<\/strong> e o podcast <strong>\u201cCom Elas\u201d<\/strong>, que promove di\u00e1logo e empoderamento.<br \/>Tamb\u00e9m reconhecemos o valor da experi\u00eancia, contratando profissionais com mais de 60 anos e promovendo a troca de conhecimento entre gera\u00e7\u00f5es. Ao investir em diversidade e inclus\u00e3o, reafirmamos o compromisso com <strong>equidade, respeito \u00e0s diferen\u00e7as e valoriza\u00e7\u00e3o das pessoas<\/strong>.<\/p>\t\t\t\t\t\t\t\t<\/div>\n\t\t\t\t<\/div>\n\t\t\t\t\t<\/div>\n\t\t\t\t<\/div>\n\t\t<div class=\"elementor-element elementor-element-4b021817 e-flex e-con-boxed wpr-particle-no wpr-jarallax-no wpr-parallax-no wpr-sticky-section-no elementor-invisible e-con e-child\" data-id=\"4b021817\" data-element_type=\"container\" data-settings=\"{&quot;animation&quot;:&quot;slideInRight&quot;,&quot;animation_delay&quot;:300}\">\n\t\t\t\t\t<div class=\"e-con-inner\">\n\t\t\t\t<div class=\"elementor-element elementor-element-ee80839 elementor-widget elementor-widget-image\" data-id=\"ee80839\" data-element_type=\"widget\" data-widget_type=\"image.default\">\n\t\t\t\t<div class=\"elementor-widget-container\">\n\t\t\t\t\t\t\t\t\t\t\t\t\t\t\t<img decoding=\"async\" width=\"1024\" height=\"1006\" src=\"https:\/\/novosite.aralco.com.br\/wp-content\/uploads\/2026\/01\/Pessoas-nosso-combustivel-03-1024x1006.png\" class=\"attachment-large size-large wp-image-2459\" alt=\"\" srcset=\"https:\/\/novosite.aralco.com.br\/wp-content\/uploads\/2026\/01\/Pessoas-nosso-combustivel-03-1024x1006.png 1024w, https:\/\/novosite.aralco.com.br\/wp-content\/uploads\/2026\/01\/Pessoas-nosso-combustivel-03-300x295.png 300w, https:\/\/novosite.aralco.com.br\/wp-content\/uploads\/2026\/01\/Pessoas-nosso-combustivel-03-768x755.png 768w, https:\/\/novosite.aralco.com.br\/wp-content\/uploads\/2026\/01\/Pessoas-nosso-combustivel-03.png 1312w\" sizes=\"(max-width: 1024px) 100vw, 1024px\" \/>\t\t\t\t\t\t\t\t\t\t\t\t\t\t\t<\/div>\n\t\t\t\t<\/div>\n\t\t\t\t\t<\/div>\n\t\t\t\t<\/div>\n\t\t\t\t\t<\/div>\n\t\t\t\t<\/div>\n\t\t<div class=\"elementor-element elementor-element-16b45a22 e-flex e-con-boxed wpr-particle-no wpr-jarallax-no wpr-parallax-no wpr-sticky-section-no e-con e-parent\" data-id=\"16b45a22\" data-element_type=\"container\">\n\t\t\t\t\t<div class=\"e-con-inner\">\n\t\t<div class=\"elementor-element elementor-element-436c862a e-flex e-con-boxed wpr-particle-no wpr-jarallax-no wpr-parallax-no wpr-sticky-section-no elementor-invisible e-con e-child\" data-id=\"436c862a\" data-element_type=\"container\" data-settings=\"{&quot;animation&quot;:&quot;slideInLeft&quot;,&quot;animation_delay&quot;:400}\">\n\t\t\t\t\t<div class=\"e-con-inner\">\n\t\t\t\t<div class=\"elementor-element elementor-element-3c16aa96 elementor-widget elementor-widget-image\" data-id=\"3c16aa96\" data-element_type=\"widget\" data-widget_type=\"image.default\">\n\t\t\t\t<div class=\"elementor-widget-container\">\n\t\t\t\t\t\t\t\t\t\t\t\t\t\t\t<img decoding=\"async\" width=\"1024\" height=\"1006\" src=\"https:\/\/novosite.aralco.com.br\/wp-content\/uploads\/2026\/01\/Pessoas-nosso-combustivel-04-1024x1006.png\" class=\"attachment-large size-large wp-image-2477\" alt=\"\" srcset=\"https:\/\/novosite.aralco.com.br\/wp-content\/uploads\/2026\/01\/Pessoas-nosso-combustivel-04-1024x1006.png 1024w, https:\/\/novosite.aralco.com.br\/wp-content\/uploads\/2026\/01\/Pessoas-nosso-combustivel-04-300x295.png 300w, https:\/\/novosite.aralco.com.br\/wp-content\/uploads\/2026\/01\/Pessoas-nosso-combustivel-04-768x755.png 768w, https:\/\/novosite.aralco.com.br\/wp-content\/uploads\/2026\/01\/Pessoas-nosso-combustivel-04.png 1312w\" sizes=\"(max-width: 1024px) 100vw, 1024px\" \/>\t\t\t\t\t\t\t\t\t\t\t\t\t\t\t<\/div>\n\t\t\t\t<\/div>\n\t\t\t\t\t<\/div>\n\t\t\t\t<\/div>\n\t\t<div class=\"elementor-element elementor-element-3991225f e-flex e-con-boxed wpr-particle-no wpr-jarallax-no wpr-parallax-no wpr-sticky-section-no elementor-invisible e-con e-child\" data-id=\"3991225f\" data-element_type=\"container\" data-settings=\"{&quot;animation&quot;:&quot;slideInRight&quot;,&quot;animation_delay&quot;:500}\">\n\t\t\t\t\t<div class=\"e-con-inner\">\n\t\t\t\t<div class=\"elementor-element elementor-element-189933aa elementor-widget elementor-widget-heading\" data-id=\"189933aa\" data-element_type=\"widget\" data-widget_type=\"heading.default\">\n\t\t\t\t<div class=\"elementor-widget-container\">\n\t\t\t\t\t<h2 class=\"elementor-heading-title elementor-size-default\">Programas de Treinamento e Desenvolvimento<\/h2>\t\t\t\t<\/div>\n\t\t\t\t<\/div>\n\t\t\t\t<div class=\"elementor-element elementor-element-1d826095 elementor-widget elementor-widget-text-editor\" data-id=\"1d826095\" data-element_type=\"widget\" data-widget_type=\"text-editor.default\">\n\t\t\t\t<div class=\"elementor-widget-container\">\n\t\t\t\t\t\t\t\t\t<p>Acreditamos que talento se potencializa com aprendizado cont\u00ednuo. Por isso, mantemos <strong>programas internos estruturados de Treinamento &amp; Desenvolvimento<\/strong>, que capacitam nossos profissionais para desafios presentes e futuros, fortalecendo habilidades t\u00e9cnicas, comportamentais e de lideran\u00e7a.<\/p>\t\t\t\t\t\t\t\t<\/div>\n\t\t\t\t<\/div>\n\t\t\t\t\t<\/div>\n\t\t\t\t<\/div>\n\t\t\t\t\t<\/div>\n\t\t\t\t<\/div>\n\t\t\t\t<section class=\"elementor-section elementor-top-section elementor-element elementor-element-21a1989e0 elementor-section-height-min-height elementor-section-boxed elementor-section-height-default elementor-section-items-middle wpr-particle-no wpr-jarallax-no wpr-parallax-no wpr-sticky-section-no\" data-id=\"21a1989e0\" data-element_type=\"section\" data-settings=\"{&quot;background_background&quot;:&quot;classic&quot;}\">\n\t\t\t\t\t\t\t<div class=\"elementor-background-overlay\"><\/div>\n\t\t\t\t\t\t\t<div class=\"elementor-container elementor-column-gap-default\">\n\t\t\t\t\t<div class=\"elementor-column elementor-col-100 elementor-top-column elementor-element elementor-element-47950273 elementor-invisible\" data-id=\"47950273\" data-element_type=\"column\" data-settings=\"{&quot;animation&quot;:&quot;zoomIn&quot;}\">\n\t\t\t<div class=\"elementor-widget-wrap elementor-element-populated\">\n\t\t\t\t\t\t<div class=\"elementor-element elementor-element-54ee8759 elementor-widget elementor-widget-heading\" data-id=\"54ee8759\" data-element_type=\"widget\" data-widget_type=\"heading.default\">\n\t\t\t\t<div class=\"elementor-widget-container\">\n\t\t\t\t\t<h2 class=\"elementor-heading-title elementor-size-default\">RH em Campo<\/h2>\t\t\t\t<\/div>\n\t\t\t\t<\/div>\n\t\t\t\t<div class=\"elementor-element elementor-element-775aed71 elementor-widget elementor-widget-text-editor\" data-id=\"775aed71\" data-element_type=\"widget\" data-widget_type=\"text-editor.default\">\n\t\t\t\t<div class=\"elementor-widget-container\">\n\t\t\t\t\t\t\t\t\t<p>Nossa filosofia vai al\u00e9m do ambiente corporativo: com <strong>o RH em Campo<\/strong>, garantimos cuidado, acompanhamento e apoio direto aos profissionais nas unidades produtivas. A integra\u00e7\u00e3o entre bem-estar, seguran\u00e7a e desenvolvimento cria um ambiente de trabalho saud\u00e1vel, motivador e alinhado aos objetivos da Aralco.<\/p>\t\t\t\t\t\t\t\t<\/div>\n\t\t\t\t<\/div>\n\t\t\t\t\t<\/div>\n\t\t<\/div>\n\t\t\t\t\t<\/div>\n\t\t<\/section>\n\t\t<div class=\"elementor-element elementor-element-0516c6c e-flex e-con-boxed wpr-particle-no wpr-jarallax-no wpr-parallax-no wpr-sticky-section-no e-con e-parent\" data-id=\"0516c6c\" data-element_type=\"container\">\n\t\t\t\t\t<div class=\"e-con-inner\">\n\t\t<div class=\"elementor-element elementor-element-446c451 e-flex e-con-boxed wpr-particle-no wpr-jarallax-no wpr-parallax-no wpr-sticky-section-no elementor-invisible e-con e-child\" data-id=\"446c451\" data-element_type=\"container\" data-settings=\"{&quot;animation&quot;:&quot;slideInLeft&quot;,&quot;animation_delay&quot;:200}\">\n\t\t\t\t\t<div class=\"e-con-inner\">\n\t\t\t\t<div class=\"elementor-element elementor-element-30a698e elementor-widget elementor-widget-heading\" data-id=\"30a698e\" data-element_type=\"widget\" data-widget_type=\"heading.default\">\n\t\t\t\t<div class=\"elementor-widget-container\">\n\t\t\t\t\t<h2 class=\"elementor-heading-title elementor-size-default\">Cultura de Engajamento e Crescimento<\/h2>\t\t\t\t<\/div>\n\t\t\t\t<\/div>\n\t\t\t\t<div class=\"elementor-element elementor-element-2d4c6cb elementor-widget elementor-widget-text-editor\" data-id=\"2d4c6cb\" data-element_type=\"widget\" data-widget_type=\"text-editor.default\">\n\t\t\t\t<div class=\"elementor-widget-container\">\n\t\t\t\t\t\t\t\t\t<p>Investir em pessoas \u00e9 investir no futuro. Cada iniciativa de treinamento, cada programa de sa\u00fade e cada a\u00e7\u00e3o de reconhecimento refor\u00e7a nosso compromisso de construir <strong>uma empresa onde talento, motiva\u00e7\u00e3o e prop\u00f3sito caminham juntos<\/strong>, garantindo resultados consistentes e duradouros, n\u00e3o s\u00f3 para o Grupo a Aralco, mas para toda a comunidade.<\/p>\t\t\t\t\t\t\t\t<\/div>\n\t\t\t\t<\/div>\n\t\t\t\t\t<\/div>\n\t\t\t\t<\/div>\n\t\t<div class=\"elementor-element elementor-element-0dc96c2 e-flex e-con-boxed wpr-particle-no wpr-jarallax-no wpr-parallax-no wpr-sticky-section-no elementor-invisible e-con e-child\" data-id=\"0dc96c2\" data-element_type=\"container\" data-settings=\"{&quot;animation&quot;:&quot;slideInRight&quot;,&quot;animation_delay&quot;:300}\">\n\t\t\t\t\t<div class=\"e-con-inner\">\n\t\t\t\t<div class=\"elementor-element elementor-element-0f68d45 elementor-widget elementor-widget-image\" data-id=\"0f68d45\" data-element_type=\"widget\" data-widget_type=\"image.default\">\n\t\t\t\t<div class=\"elementor-widget-container\">\n\t\t\t\t\t\t\t\t\t\t\t\t\t\t\t<img loading=\"lazy\" decoding=\"async\" width=\"986\" height=\"955\" src=\"https:\/\/novosite.aralco.com.br\/wp-content\/uploads\/2026\/01\/3bcbad80eb44351db8a8c23bce3c19910-2.png\" class=\"attachment-large size-large wp-image-3490\" alt=\"\" srcset=\"https:\/\/novosite.aralco.com.br\/wp-content\/uploads\/2026\/01\/3bcbad80eb44351db8a8c23bce3c19910-2.png 986w, https:\/\/novosite.aralco.com.br\/wp-content\/uploads\/2026\/01\/3bcbad80eb44351db8a8c23bce3c19910-2-300x291.png 300w, https:\/\/novosite.aralco.com.br\/wp-content\/uploads\/2026\/01\/3bcbad80eb44351db8a8c23bce3c19910-2-768x744.png 768w\" sizes=\"(max-width: 986px) 100vw, 986px\" \/>\t\t\t\t\t\t\t\t\t\t\t\t\t\t\t<\/div>\n\t\t\t\t<\/div>\n\t\t\t\t\t<\/div>\n\t\t\t\t<\/div>\n\t\t\t\t\t<\/div>\n\t\t\t\t<\/div>\n\t\t\t\t<\/div>\n\t\t\n    <div class=\"xs_social_share_widget xs_share_url after_content \t\tmain_content  wslu-style-1 wslu-share-box-shaped wslu-fill-colored wslu-none wslu-share-horizontal wslu-theme-font-no wslu-main_content\">\n\n\t\t\n        <ul>\n\t\t\t        <\/ul>\n    <\/div> \n","protected":false},"excerpt":{"rendered":"<p>Pessoas, nosso combust\u00edvel! Pessoas s\u00e3o o maior combust\u00edvel que move nossa hist\u00f3ria, nossa produ\u00e7\u00e3o e nosso crescimento. Cada profissional \u00e9 protagonista do sucesso da empresa, e investir em seu desenvolvimento \u00e9 parte central da nossa estrat\u00e9gia. Diversidade e Inclus\u00e3o Diversidade e inclus\u00e3o s\u00e3o pr\u00e1ticas vivas, que fortalecem um ambiente mais humano, justo e representativo. Valorizamos a presen\u00e7a feminina em todas as \u00e1reas da empresa, com a\u00e7\u00f5es como Outubro Rosa, Dia Internacional da Mulher e o podcast \u201cCom Elas\u201d, que promove di\u00e1logo e empoderamento.Tamb\u00e9m reconhecemos o valor da experi\u00eancia, contratando profissionais com mais de 60 anos e promovendo a troca de conhecimento entre gera\u00e7\u00f5es. Ao investir em diversidade e inclus\u00e3o, reafirmamos o compromisso com equidade, respeito \u00e0s diferen\u00e7as e valoriza\u00e7\u00e3o das pessoas. Programas de Treinamento e Desenvolvimento Acreditamos que talento se potencializa com aprendizado cont\u00ednuo. Por isso, mantemos programas internos estruturados de Treinamento &amp; Desenvolvimento, que capacitam nossos profissionais para desafios presentes e futuros, fortalecendo habilidades t\u00e9cnicas, comportamentais e de lideran\u00e7a. RH em Campo Nossa filosofia vai al\u00e9m do ambiente corporativo: com o RH em Campo, garantimos cuidado, acompanhamento e apoio direto aos profissionais nas unidades produtivas. A integra\u00e7\u00e3o entre bem-estar, seguran\u00e7a e desenvolvimento cria um ambiente de trabalho saud\u00e1vel, motivador e alinhado aos objetivos da Aralco. Cultura de Engajamento e Crescimento Investir em pessoas \u00e9 investir no futuro. Cada iniciativa de treinamento, cada programa de sa\u00fade e cada a\u00e7\u00e3o de reconhecimento refor\u00e7a nosso compromisso de construir uma empresa onde talento, motiva\u00e7\u00e3o e prop\u00f3sito caminham juntos, garantindo resultados consistentes e duradouros, n\u00e3o s\u00f3 para o Grupo a Aralco, mas para toda a comunidade.<\/p>\n","protected":false},"author":1,"featured_media":0,"parent":0,"menu_order":0,"comment_status":"closed","ping_status":"closed","template":"elementor_header_footer","meta":{"postBodyCss":"","postBodyMargin":[],"postBodyPadding":[],"postBodyBackground":{"backgroundType":"classic","gradient":""},"site-sidebar-layout":"no-sidebar","site-content-layout":"","ast-site-content-layout":"full-width-container","site-content-style":"default","site-sidebar-style":"default","ast-global-header-display":"","ast-banner-title-visibility":"","ast-main-header-display":"","ast-hfb-above-header-display":"","ast-hfb-below-header-display":"","ast-hfb-mobile-header-display":"","site-post-title":"disabled","ast-breadcrumbs-content":"","ast-featured-img":"disabled","footer-sml-layout":"","theme-transparent-header-meta":"","adv-header-id-meta":"","stick-header-meta":"","header-above-stick-meta":"","header-main-stick-meta":"","header-below-stick-meta":"","astra-migrate-meta-layouts":"default","ast-page-background-enabled":"default","ast-page-background-meta":{"desktop":{"background-color":"var(--ast-global-color-5)","background-image":"","background-repeat":"repeat","background-position":"center center","background-size":"auto","background-attachment":"scroll","background-type":"","background-media":"","overlay-type":"","overlay-color":"","overlay-opacity":"","overlay-gradient":""},"tablet":{"background-color":"","background-image":"","background-repeat":"repeat","background-position":"center center","background-size":"auto","background-attachment":"scroll","background-type":"","background-media":"","overlay-type":"","overlay-color":"","overlay-opacity":"","overlay-gradient":""},"mobile":{"background-color":"","background-image":"","background-repeat":"repeat","background-position":"center center","background-size":"auto","background-attachment":"scroll","background-type":"","background-media":"","overlay-type":"","overlay-color":"","overlay-opacity":"","overlay-gradient":""}},"ast-content-background-meta":{"desktop":{"background-color":"var(--ast-global-color-4)","background-image":"","background-repeat":"repeat","background-position":"center center","background-size":"auto","background-attachment":"scroll","background-type":"","background-media":"","overlay-type":"","overlay-color":"","overlay-opacity":"","overlay-gradient":""},"tablet":{"background-color":"var(--ast-global-color-4)","background-image":"","background-repeat":"repeat","background-position":"center center","background-size":"auto","background-attachment":"scroll","background-type":"","background-media":"","overlay-type":"","overlay-color":"","overlay-opacity":"","overlay-gradient":""},"mobile":{"background-color":"var(--ast-global-color-4)","background-image":"","background-repeat":"repeat","background-position":"center center","background-size":"auto","background-attachment":"scroll","background-type":"","background-media":"","overlay-type":"","overlay-color":"","overlay-opacity":"","overlay-gradient":""}},"footnotes":""},"class_list":["post-94","page","type-page","status-publish","hentry"],"_links":{"self":[{"href":"https:\/\/novosite.aralco.com.br\/index.php?rest_route=\/wp\/v2\/pages\/94","targetHints":{"allow":["GET"]}}],"collection":[{"href":"https:\/\/novosite.aralco.com.br\/index.php?rest_route=\/wp\/v2\/pages"}],"about":[{"href":"https:\/\/novosite.aralco.com.br\/index.php?rest_route=\/wp\/v2\/types\/page"}],"author":[{"embeddable":true,"href":"https:\/\/novosite.aralco.com.br\/index.php?rest_route=\/wp\/v2\/users\/1"}],"replies":[{"embeddable":true,"href":"https:\/\/novosite.aralco.com.br\/index.php?rest_route=%2Fwp%2Fv2%2Fcomments&post=94"}],"version-history":[{"count":37,"href":"https:\/\/novosite.aralco.com.br\/index.php?rest_route=\/wp\/v2\/pages\/94\/revisions"}],"predecessor-version":[{"id":4505,"href":"https:\/\/novosite.aralco.com.br\/index.php?rest_route=\/wp\/v2\/pages\/94\/revisions\/4505"}],"wp:attachment":[{"href":"https:\/\/novosite.aralco.com.br\/index.php?rest_route=%2Fwp%2Fv2%2Fmedia&parent=94"}],"curies":[{"name":"wp","href":"https:\/\/api.w.org\/{rel}","templated":true}]}}